{"id":54340,"date":"2020-05-05T15:09:08","date_gmt":"2020-05-05T12:09:08","guid":{"rendered":"https:\/\/katrioikarinen.com\/?page_id=54340"},"modified":"2020-05-16T12:51:32","modified_gmt":"2020-05-16T09:51:32","slug":"toimitusehdot","status":"publish","type":"page","link":"https:\/\/katrioikarinen.com\/en\/toimitusehdot\/","title":{"rendered":"Delivery conditions"},"content":{"rendered":"<p>[et_pb_section fb_built=&#8221;1&#8243; admin_label=&#8221;section&#8221; _builder_version=&#8221;3.22&#8243;][et_pb_row admin_label=&#8221;row&#8221; _builder_version=&#8221;3.25&#8243; background_size=&#8221;initial&#8221; background_position=&#8221;top_left&#8221; background_repeat=&#8221;repeat&#8221;][et_pb_column type=&#8221;4_4&#8243; _builder_version=&#8221;3.25&#8243; custom_padding=&#8221;|||&#8221; custom_padding__hover=&#8221;|||&#8221;][et_pb_text admin_label=&#8221;Text&#8221; _builder_version=&#8221;4.0.9&#8243; background_size=&#8221;initial&#8221; background_position=&#8221;top_left&#8221; background_repeat=&#8221;repeat&#8221; hover_enabled=&#8221;0&#8243;]<\/p>\n<h1>Katri Oikarinen Art&amp;Design Shopin toimitusehdot<\/h1>\n<p>Toimitusehdoissa kerrotaan\u00a0Tmi Oikarisen Katri Maria (Y-tunnus: 2941952-6) verkkokaupan toimitusehdoista. Toimitusehdot sis\u00e4lt\u00e4v\u00e4t tiedot mm. verkkokaupan toimitustavoista ja -hinnoista, palautusk\u00e4yt\u00e4nn\u00f6ist\u00e4 ja maksutavoista.<\/p>\n<p>&nbsp;<\/p>\n<h2>Yleisesti<\/h2>\n<p>Voit tehd\u00e4 ostoksia Katri Art&amp;Design Shopin verkkokaupassa ymp\u00e4ri vuorokauden. Jos tulee kysymyksi\u00e4 liittyen toimitustapoihin, tuotteisiin tai maksutapoihin olethan yhteydess\u00e4 ennen tilaamista s-postilla katrioikarinen@yahoo.com<\/p>\n<p>Tuotteiden hinnat sis\u00e4lt\u00e4v\u00e4t 10% ja 24% arvonlis\u00e4veron, riippuen tuotteesta. Hinnat on ilmoitettu euroina.<\/p>\n<p>Mik\u00e4li tilatun tuotteen hinnassa on tapahtunut virhe teknisist\u00e4 tai inhimillisest\u00e4 syyst\u00e4, pid\u00e4t\u00e4mme oikeuden peruuttaa kaupan tai tehd\u00e4 hinnanmuutoksia, mik\u00e4li tilattu tuote tai sen hinta ei vastaa sen todellista verkkokaupassa vastaavan tuotteen hintaa.<\/p>\n<p>Pid\u00e4t\u00e4mme oikeuden hintojen ja ehtojen muutoksiin. Asiakas sitoutuu tilatessaan n\u00e4ihin toimitusehtoihin.<\/p>\n<p>&nbsp;<\/p>\n<h2>Toimitusaika<\/h2>\n<p>Tilauksen toimitusaika m\u00e4\u00e4r\u00e4ytyy tuotteiden toimitusaikojen sek\u00e4 valittujen maksu- ja toimitustapojen mukaan. Tilaukset pyrit\u00e4\u00e4n k\u00e4sittelem\u00e4\u00e4n viimeist\u00e4\u00e4n tilauksen saapumisesta seuraavana arkip\u00e4iv\u00e4n\u00e4. Toimitusaika varastossa oleville tuotteille on 3-7 p\u00e4iv\u00e4\u00e4 ja tilaust\u00f6iden kohdalla toimitus sovitaan erikseen riippuen tilauksen laajuudesta.<\/p>\n<p>Mik\u00e4li toimitus viiv\u00e4styy, ilmoitamme siit\u00e4 suoraa asiakkaalle. Tilaukseen liittyviss\u00e4 teknisiss\u00e4 ongelmissa, esimerkiksi jos et saa tilausvahvistusta kahden arkip\u00e4iv\u00e4n sis\u00e4ll\u00e4 tilauksesta, ole yhteydess\u00e4 s-postilla katrioikarinen@yahoo.com<\/p>\n<p>Annetut toimitusajat ovat arvioita toimitusajoista eiv\u00e4tk\u00e4 sido myyj\u00e4\u00e4. Tmi Oikarinen Katri Maria\u00a0ei vastaa asiakkaalle koituvista vahingoista ja\/tai lis\u00e4kuluista, mik\u00e4li toimitus viiv\u00e4styy.<\/p>\n<h2>Toimitustavat<\/h2>\n<p>Kunkin alla listatun toimitustavan yhteydess\u00e4 on ilmoitettu toimituksen hinta ja toimitusaika. Toimitustapojen saatavuutta rajataan painon mukaan.<\/p>\n<p>Tilausten kokonaishinta m\u00e4\u00e4r\u00e4ytyy kalleimman tilatun tuotteen mukaan. Mik\u00e4li tilausten koko on yli 80x 150cm ja paino yli 35kg postimaksu on enint\u00e4\u00e4n 40\u20ac<\/p>\n<p>Pienemm\u00e4t tilaukset toimitamme kirjeell\u00e4. Kaikki kirjeell\u00e4 l\u00e4hetett\u00e4v\u00e4t tilaukset toimitetaan 2. luokan kirjein\u00e4. Kaikkien kirjeiden l\u00e4hetys- ja pakkauskulut ovat\u00a02,90\u20ac\u00a0riippumatta painosta.<\/p>\n<p>Muut tuotteet (ei taulut), jotka eiv\u00e4t mahdu kirjeeseen l\u00e4hetet\u00e4\u00e4n 5,90\u20ac postimaksulla.<\/p>\n<p>Suurempien tuotteiden postimaksuhinnoittelu menee seuraavasti:<\/p>\n<p>Pienet taulut 5,90\u20ac postimaksut<\/p>\n<p>Keskikokoiset taulut 9,90\u20ac postimaksut<\/p>\n<p>Suuret taulut 14,90\u20ac postimaksut<\/p>\n<p>Tilaustuotteiden kohdalla riippuen ty\u00f6n koosta ja painosta toimitushinta ja tapa voi vaihdella tapauskohtaisesti.<\/p>\n<p>Nouto Postista<\/p>\n<p>Tilauksesi on noudettavissa l\u00e4himm\u00e4st\u00e4 Postin toimipisteest\u00e4 yleens\u00e4 l\u00e4hett\u00e4mist\u00e4 seuraavavina p\u00e4ivin\u00e4 ja muutoksista ilmoitetaan erikseen. L\u00e4het\u00e4mme my\u00f6s seurantakoodin paketin seurantaa varten.<\/p>\n<p>Nouto<\/p>\n<p>Nouto on ilmainen. Nouto onnistuu vain sovittuina aikoina, joten otathan yhteyden aina ennen noutoa. Noutotilauksien maksu onnistuu joko pankki\/luottokortilla tai k\u00e4teisell\u00e4.<\/p>\n<p>Hinnat<\/p>\n<p>Tuote myyd\u00e4\u00e4n tilaamishetkell\u00e4 verkkokaupan sivulla ilmoitettavalla hinnalla. Tmi Oikarinen Katri Maria pid\u00e4tt\u00e4\u00e4 oikeuden olla myym\u00e4tt\u00e4 tuotetta\u00a0hinnalla, joka on teknisest\u00e4 syyst\u00e4 p\u00e4ivittynyt verkkokauppaan v\u00e4\u00e4rin. T\u00e4m\u00e4nlaisessa tapauksessa Tmi Oikarinen Katri Maria on yhteydess\u00e4 asiakkaaseen ennen tilauksen k\u00e4sittely\u00e4 ja kaupan purkaminen on mahdollista.<\/p>\n<p>Internet-sivuilla hinnat ovat arvonlis\u00e4verollisia myyntihintoja, alv 24% ja alv 10%.<\/p>\n<p>Mik\u00e4li et saa tilausvahvistusta kahden (2) arkip\u00e4iv\u00e4n kuluessa tilauksesta, ota yhteytt\u00e4 s\u00e4hk\u00f6postilla katrioikarinen@yahoo.com\u00a0mahdollisten\u00a0teknisten ongelmien varalta.<\/p>\n<h2>Maksutavat<\/h2>\n<p>Verkkokaupan tilauksia voi maksaa seuraavilla maksutavoilla. Kunkin maksutavan yhteydess\u00e4 n\u00e4et mahdollisen lis\u00e4hinnan kyseiselle maksutavalle. Varaamme tuotteita maksamattomalle tilaukselle enint\u00e4\u00e4n 7 vuorokauden ajan, mink\u00e4 j\u00e4lkeen tuotteet ovat kenen tahansa ostettavissa.<\/p>\n<p>Osa maksutavoista voi edellytt\u00e4\u00e4 rekister\u00f6itymist\u00e4 Tmi Oikarinen Katri Maria\u00a0tai kolmannen osapuolen asiakasrekisteriin. Ulkopuolisten palveluntarjoajien k\u00e4ytt\u00f6ehdot l\u00f6ytyv\u00e4t kunkin palveluntarjoajan omilta sivuilta.<\/p>\n<p>Checkout &#8211; maksu verkkopankkipainikkeilla<\/p>\n<p>Checkout -maksunv\u00e4lityspalvelu v\u00e4litt\u00e4\u00e4 maksusi kauppiaalle. K\u00e4yt\u00f6ss\u00e4si on kaikkien pankkien maksupainikkeet. Checkout on sinulle turvallinen maksutapa. Palvelu on maksulaitoslain siirtym\u00e4s\u00e4\u00e4nn\u00f6ksen nojalla merkitty Finanssivalvonnan yll\u00e4pit\u00e4m\u00e4\u00e4n maksulaitosrekisteriin. Checkout on Checkout Finland Oy:n (y-tunnus 2196606-6) yll\u00e4pit\u00e4m\u00e4 palvelu.<\/p>\n<p>Valittuasi maksutavan kauppiaan tarjoamista vaihtoehdoista, maksutapahtuma siirtyy maksutavan j\u00e4rjestelm\u00e4\u00e4n. Hyv\u00e4ksytty\u00e4si maksun ja palattuasi verkkokauppaan, maksu kirjautuu v\u00e4litt\u00f6m\u00e4sti suoritetuksi kauppiaalle. Maksu suoritetaan Checkout Finland Oy:n hallinnoimalle tilille, josta se siirret\u00e4\u00e4n kauppiaalle. Turvallista, helppoa ja nopeaa!<\/p>\n<p>Asiakaspalvelu<br \/> <span style=\"color: #e09900;\"><a href=\"http:\/\/checkout.fi\/henkiloeasiakkaat\/asiakaspalvelu.html\" style=\"color: #e09900;\">asiakaspalvelu@checkout.fi<\/a><\/span><br \/> 0800 552 010 (0,00\u20ac\/min)<br \/> Arkisin klo 09-16<\/p>\n<p>K\u00e4teinen<\/p>\n<p>Vain noutotilauksille. Voit halutessasi maksaa my\u00f6s pankki\/luottokorteilla.<\/p>\n<h2>Palautukset<\/h2>\n<p>Tuotteilla on 14 p\u00e4iv\u00e4n vaihto- ja palautusoikeus, joka lasketaan tavaran vastaanottamishetkest\u00e4 l\u00e4htien.\u00a0Palautuksesta aiheutuvat kulut maksaa asiakas.<\/p>\n<p>Verkkokurssien ja kurssien kohdalla tilaaja sitoutuu maksamaan peruutusmaksun, mik\u00e4 on puolet kurssimaksun alkuper\u00e4isest\u00e4 hinnasta<\/p>\n<p>Asiakkaan toivomuksesta valmistetuille tai muokatuille tuotteille emme my\u00f6nn\u00e4 palautusoikeutta. T\u00e4h\u00e4n ryhm\u00e4\u00e4n kuuluvat tilauksesta valmistetut taulut ja asiakkaan tilaamat muut kustomoidut tuotteet. Tilauksen peruutuksen yhteydess\u00e4 tilauksesta mahdollisesti aiheutuneet kustannukset perit\u00e4\u00e4n kokonaisuudessaan ostajalta. Mik\u00e4li haluat peruuttaa tilauksesi otathan yhteytt\u00e4 meihin s-postilla <span style=\"color: #e09900;\"><a href=\"mailto:katrioikarinen@yahoo.com\" style=\"color: #e09900;\">katrioikarinen@yahoo.com<\/a><\/span><\/p>\n<p>Digitaalisia tuotteita ei voi palauttaa!<\/p>\n<p>Jos huomaat tuotteessa reklamoitavaa, ilmoita siit\u00e4 meille 14 p\u00e4iv\u00e4n kuluessa tuotteen vastaanottamisesta. Tarkista saapunut l\u00e4hetys huolellisesti. Vialliset tuotteet pyrimme ensisijaisesti korjaamaan tai vaihtamaan uuteen. Asiakas on velvollinen s\u00e4ilytt\u00e4m\u00e4\u00e4n huolellisesti tilaamiaan tuotteitaan. Myyj\u00e4 ei vastaa huolimattomasti s\u00e4ilytettyjen tuotteiden vioista.<\/p>\n<p>Mik\u00e4li tuote on rikkoutunut kuljetuksen aikana, ota v\u00e4litt\u00f6m\u00e4sti yhteytt\u00e4 postikonttoriisi ja kauppiaaseen.<\/p>\n<p>Jos kauppasopimusta koskevaa erimielisyytt\u00e4 ei saada ratkaistuksi osapuolten v\u00e4lisill\u00e4 neuvotteluilla, kuluttaja voi saattaa asian kuluttajariitalautakunnan ratkaistavaksi.<\/p>\n<p>Ennen asian viemist\u00e4 kuluttajariitalautakunnan k\u00e4sittelyyn kuluttajan tulee olla yhteydess\u00e4 maistraattien kuluttajaneuvontaan.<\/p>\n<p>&nbsp;<\/p>\n<p>Palautusohjeet<\/p>\n<p>Palautuksesta on\u00a0ensin sovittava myyj\u00e4n kanssa. Varmistathan ennen tuotteiden palautusta, ett\u00e4 tuotteet ovat myyntikuntoisia.<\/p>\n<p>Toimitusehtojen mukainen palautus on maksullinen.<\/p>\n<p>Liit\u00e4th\u00e4n tilauksen mukaan seuraavat tiedot:<\/p>\n<p>Omat tiedot: nimi, osoite ja puhelinnumero.<\/p>\n<p>Tilinumerosi palautusta varten tai tieto, jos haluat vaihtaa tuotteen uuteen.<\/p>\n<p>Tilausnumero, l\u00f6ytyy s\u00e4hk\u00f6postiin toimitetusta tilausvahvistuksesta.<\/p>\n<p>Palautuksen syy (vapaaehtoinen tieto).<\/p>\n<p>&nbsp;<\/p>\n<h2>Myyntialue<\/h2>\n<p>Tuotteitamme voi tilata verkkokaupan kautta toistaiseksi vain Suomeen.<\/p>\n<p>&nbsp;<\/p>\n<p>&nbsp;<\/p>\n<p>[\/et_pb_text][\/et_pb_column][\/et_pb_row][\/et_pb_section]<\/p>\n","protected":false},"excerpt":{"rendered":"<p>Katri Oikarinen Art&amp;Design Shopin toimitusehdot Toimitusehdoissa kerrotaan\u00a0Tmi Oikarisen Katri Maria (Y-tunnus: 2941952-6) verkkokaupan toimitusehdoista. Toimitusehdot sis\u00e4lt\u00e4v\u00e4t tiedot mm. verkkokaupan toimitustavoista ja -hinnoista, palautusk\u00e4yt\u00e4nn\u00f6ist\u00e4 ja maksutavoista. &nbsp; Yleisesti Voit tehd\u00e4 ostoksia Katri Art&amp;Design Shopin verkkokaupassa ymp\u00e4ri vuorokauden. Jos tulee kysymyksi\u00e4 liittyen toimitustapoihin, tuotteisiin tai maksutapoihin olethan yhteydess\u00e4 ennen tilaamista s-postilla katrioikarinen@yahoo.com Tuotteiden hinnat sis\u00e4lt\u00e4v\u00e4t 10% ja [&hellip;]<\/p>\n","protected":false},"author":3,"featured_media":0,"parent":0,"menu_order":0,"comment_status":"closed","ping_status":"closed","template":"","meta":{"_et_pb_use_builder":"on","_et_pb_old_content":"Katri Oikarinen Art&amp;Design Shopin toimitusehdot\r\n\r\nToimitusehdoissa kerrotaan\u00a0Tmi Katri Oikarisen\u00a0(Y-tunnus: 2941952-6) verkkokaupan toimitusehdoista. Toimitusehdot sis\u00e4lt\u00e4v\u00e4t tiedot mm. verkkokaupan toimitustavoista ja -hinnoista, palautusk\u00e4yt\u00e4nn\u00f6ist\u00e4 ja maksutavoista.\r\n\r\n&nbsp;\r\n\r\nYleisesti\r\n\r\nVoit tehd\u00e4 ostoksia Katri Art&amp;Design Shopin verkkokaupassa ymp\u00e4ri vuorokauden. Jos tulee kysymyksi\u00e4 liittyen toimitustapoihin, tuotteisiin tai maksutapoihin olethan yhteydess\u00e4 ennen tilaamista s-postilla katrioikarinen@yahoo.com\r\n\r\nTuotteiden hinnat sis\u00e4lt\u00e4v\u00e4t 10% ja 24% arvonlis\u00e4veron, riippuen tuotteesta. Hinnat on ilmoitettu euroina.\r\n\r\nMik\u00e4li tilatun tuotteen hinnassa on tapahtunut virhe teknisist\u00e4 tai inhimillisest\u00e4 syyst\u00e4, pid\u00e4t\u00e4mme oikeuden peruuttaa kaupan tai tehd\u00e4 hinnanmuutoksia, mik\u00e4li tilattu tuote tai sen hinta ei vastaa sen todellista verkkokaupassa vastaavan tuotteen hintaa.\r\n\r\nPid\u00e4t\u00e4mme oikeuden hintojen ja ehtojen muutoksiin. Asiakas sitoutuu tilatessaan n\u00e4ihin toimitusehtoihin.\r\n\r\n&nbsp;\r\n\r\n&nbsp;\r\n\r\nToimitusaika\r\n\r\nTilauksen toimitusaika m\u00e4\u00e4r\u00e4ytyy tuotteiden toimitusaikojen sek\u00e4 valittujen maksu- ja toimitustapojen mukaan. Tilaukset pyrit\u00e4\u00e4n k\u00e4sittelem\u00e4\u00e4n viimeist\u00e4\u00e4n tilauksen saapumisesta seuraavana arkip\u00e4iv\u00e4n\u00e4. Toimitusaika varastossa oleville tuotteille on 3-7 p\u00e4iv\u00e4\u00e4 ja tilaust\u00f6iden kohdalla toimitus sovitaan erikseen riippuen tilauksen laajuudesta.\r\n\r\nMik\u00e4li toimitus viiv\u00e4styy, ilmoitamme siit\u00e4 suoraa asiakkaalle. Tilaukseen liittyviss\u00e4 teknisiss\u00e4 ongelmissa, esimerkiksi jos et saa tilausvahvistusta kahden arkip\u00e4iv\u00e4n sis\u00e4ll\u00e4 tilauksesta, ole yhteydess\u00e4 s-postilla katrioikarinen@yahoo.com\r\n\r\nAnnetut toimitusajat ovat arvioita toimitusajoista eiv\u00e4tk\u00e4 sido myyj\u00e4\u00e4.\u00a0<em>Tmi Katri Oikarinen<\/em>\u00a0ei vastaa asiakkaalle koituvista vahingoista ja\/tai lis\u00e4kuluista, mik\u00e4li toimitus viiv\u00e4styy.\r\n\r\nToimitustavat\r\n\r\nKunkin alla listatun toimitustavan yhteydess\u00e4 on ilmoitettu toimituksen hinta ja toimitusaika. Toimitustapojen saatavuutta rajataan painon mukaan.\r\n\r\nTilausten kokonaishinta m\u00e4\u00e4r\u00e4ytyy kalleimman tilatun tuotteen mukaan. Mik\u00e4li tilausten koko on yli 80x 150cm ja paino yli 35kg postimaksu on enint\u00e4\u00e4n 50\u20ac\r\n\r\nPienemm\u00e4t tilaukset toimitamme kirjeell\u00e4. Kaikki kirjeell\u00e4 l\u00e4hetett\u00e4v\u00e4t tilaukset toimitetaan 2. luokan kirjein\u00e4. Kaikkien kirjeiden l\u00e4hetys- ja pakkauskulut ovat\u00a02,90\u20ac\u00a0riippumatta painosta.\r\n\r\nMuut tuotteet (ei taulut), jotka eiv\u00e4t mahdu kirjeeseen l\u00e4hetet\u00e4\u00e4n 5\u20ac postimaksulla.\r\n\r\nSuurempien tuotteiden postimaksuhinnoittelu menee seuraavasti:\r\n\r\nPienet taulut 5\u20ac postimaksut\r\n\r\nKeskikokoiset taulut 10\u20ac postimaksut\r\n\r\nSuuret taulut 18\u20ac postimaksut\r\n\r\nTilaustuotteiden kohdalla riippuen ty\u00f6n koosta ja painosta toimitushinta ja tapa voi vaihdella tapauskohtaisesti.\r\n\r\nNouto Postista\r\n\r\nTilauksesi on noudettavissa l\u00e4himm\u00e4st\u00e4 Postin toimipisteest\u00e4 yleens\u00e4 l\u00e4hett\u00e4mist\u00e4 seuraavavina p\u00e4ivin\u00e4 ja muutoksista ilmoitetaan erikseen. L\u00e4het\u00e4mme my\u00f6s seurantakoodin paketin seurantaa varten.\r\n\r\nNouto\r\n\r\nNouto on ilmainen. Nouto onnistuu vain sovittuina aikoina, joten otathan yhteyden aina ennen noutoa. Noutotilauksien maksu onnistuu joko pankki\/luottokortilla tai k\u00e4teisell\u00e4.\r\n\r\nHinnat\r\n\r\nTuote myyd\u00e4\u00e4n tilaamishetkell\u00e4 verkkokaupan sivulla ilmoitettavalla hinnalla. Tmi Katri Oikarinen pid\u00e4tt\u00e4\u00e4 oikeuden olla myym\u00e4tt\u00e4 tuotetta\u00a0hinnalla, joka on teknisest\u00e4 syyst\u00e4 p\u00e4ivittynyt verkkokauppaan v\u00e4\u00e4rin. T\u00e4m\u00e4nlaisessa tapauksessa Tmi Katri Oikarinen on yhteydess\u00e4 asiakkaaseen ennen tilauksen k\u00e4sittely\u00e4 ja kaupan purkaminen on mahdollista.\r\n\r\nInternet-sivuilla hinnat ovat arvonlis\u00e4verollisia myyntihintoja, alv 24% ja alv 10%.\r\n\r\nMik\u00e4li et saa tilausvahvistusta kahden (2) arkip\u00e4iv\u00e4n kuluessa tilauksesta, ota yhteytt\u00e4 s\u00e4hk\u00f6postilla katrioikarinen@yahoo.com\u00a0mahdollisten\u00a0teknisten ongelmien varalta.\r\n\r\nMaksutavat\r\n\r\nVerkkokaupan tilauksia voi maksaa seuraavilla maksutavoilla. Kunkin maksutavan yhteydess\u00e4 n\u00e4et mahdollisen lis\u00e4hinnan kyseiselle maksutavalle. Varaamme tuotteita maksamattomalle tilaukselle enint\u00e4\u00e4n 7 vuorokauden ajan, mink\u00e4 j\u00e4lkeen tuotteet ovat kenen tahansa ostettavissa.\r\n\r\nOsa maksutavoista voi edellytt\u00e4\u00e4 rekister\u00f6itymist\u00e4\u00a0<em>Tmi Katri Oikarisen<\/em> tai kolmannen osapuolen asiakasrekisteriin. Ulkopuolisten palveluntarjoajien k\u00e4ytt\u00f6ehdot l\u00f6ytyv\u00e4t kunkin palveluntarjoajan omilta sivuilta.\r\n\r\nCheckout - maksu verkkopankkipainikkeilla\r\n\r\nCheckout -maksunv\u00e4lityspalvelu v\u00e4litt\u00e4\u00e4 maksusi kauppiaalle. K\u00e4yt\u00f6ss\u00e4si on kaikkien pankkien maksupainikkeet. Checkout on sinulle turvallinen maksutapa. Palvelu on maksulaitoslain siirtym\u00e4s\u00e4\u00e4nn\u00f6ksen nojalla merkitty Finanssivalvonnan yll\u00e4pit\u00e4m\u00e4\u00e4n maksulaitosrekisteriin. Checkout on Checkout Finland Oy:n (y-tunnus 2196606-6) yll\u00e4pit\u00e4m\u00e4 palvelu.\r\n\r\nValittuasi maksutavan kauppiaan tarjoamista vaihtoehdoista, maksutapahtuma siirtyy maksutavan j\u00e4rjestelm\u00e4\u00e4n. Hyv\u00e4ksytty\u00e4si maksun ja palattuasi verkkokauppaan, maksu kirjautuu v\u00e4litt\u00f6m\u00e4sti suoritetuksi kauppiaalle. Maksu suoritetaan Checkout Finland Oy:n hallinnoimalle tilille, josta se siirret\u00e4\u00e4n kauppiaalle. Turvallista, helppoa ja nopeaa!\r\n\r\nAsiakaspalvelu\r\n<a href=\"http:\/\/checkout.fi\/henkiloeasiakkaat\/asiakaspalvelu.html\">asiakaspalvelu@checkout.fi<\/a>\r\n0800 552 010 (0,00\u20ac\/min)\r\nArkisin klo 09-16\r\n\r\nK\u00e4teinen\r\n\r\nVain noutotilauksille. Voit halutessasi maksaa my\u00f6s pankki\/luottokorteilla.\r\n\r\nPalautukset\r\n\r\nTuotteilla on 14 p\u00e4iv\u00e4n vaihto- ja palautusoikeus, joka lasketaan tavaran vastaanottamishetkest\u00e4 l\u00e4htien.\u00a0Palautuksesta aiheutuvat kulut maksaa asiakas.\r\n\r\nVerkkokurssien ja kurssien kohdalla tilaaja sitoutuu maksamaan peruutusmaksun, mik\u00e4 on puolet kurssimaksun alkuper\u00e4isest\u00e4 hinnasta\r\n\r\nAsiakkaan toivomuksesta valmistetuille tai muokatuille tuotteille emme my\u00f6nn\u00e4 palautusoikeutta. T\u00e4h\u00e4n ryhm\u00e4\u00e4n kuuluvat tilauksesta valmistetut taulut ja asiakkaan tilaamat muut kustomoidut tuotteet. Tilauksen peruutuksen yhteydess\u00e4 tilauksesta mahdollisesti aiheutuneet kustannukset perit\u00e4\u00e4n kokonaisuudessaan ostajalta. Mik\u00e4li haluat peruuttaa tilauksesi otathan yhteytt\u00e4 meihin s-postilla katrioikarinen@yahoo.com\r\n\r\nJos huomaat tuotteessa reklamoitavaa, ilmoita siit\u00e4 meille 14 p\u00e4iv\u00e4n kuluessa tuotteen vastaanottamisesta. Tarkista saapunut l\u00e4hetys huolellisesti. Vialliset tuotteet pyrimme ensisijaisesti korjaamaan tai vaihtamaan uuteen. Asiakas on velvollinen s\u00e4ilytt\u00e4m\u00e4\u00e4n huolellisesti tilaamiaan tuotteitaan. Myyj\u00e4 ei vastaa huolimattomasti s\u00e4ilytettyjen tuotteiden vioista.\r\n\r\nMik\u00e4li tuote on rikkoutunut kuljetuksen aikana, ota v\u00e4litt\u00f6m\u00e4sti yhteytt\u00e4 postikonttoriisi ja kauppiaaseen.\r\n\r\nJos kauppasopimusta koskevaa erimielisyytt\u00e4 ei saada ratkaistuksi osapuolten v\u00e4lisill\u00e4 neuvotteluilla, kuluttaja voi saattaa asian kuluttajariitalautakunnan ratkaistavaksi.\r\n\r\nEnnen asian viemist\u00e4 kuluttajariitalautakunnan k\u00e4sittelyyn kuluttajan tulee olla yhteydess\u00e4 maistraattien kuluttajaneuvontaan.\r\n\r\n&nbsp;\r\n\r\nPalautusohjeet\r\n\r\nPalautuksesta on\u00a0ensin sovittava myyj\u00e4n kanssa. Varmistathan ennen tuotteiden palautusta, ett\u00e4 tuotteet ovat myyntikuntoisia.\r\n\r\nToimitusehtojen mukainen palautus on maksullinen.\r\n\r\nLiit\u00e4th\u00e4n tilauksen mukaan seuraavat tiedot:\r\n\r\nOmat tiedot: nimi, osoite ja puhelinnumero.\r\n\r\nTilinumerosi palautusta varten tai tieto, jos haluat vaihtaa tuotteen uuteen.\r\n\r\nTilausnumero, l\u00f6ytyy s\u00e4hk\u00f6postiin toimitetusta tilausvahvistuksesta.\r\n\r\nPalautuksen syy (vapaaehtoinen tieto).\r\n\r\n&nbsp;\r\n\r\nMyyntialue\r\n\r\nTuotteitamme voi tilata verkkokaupan kautta toistaiseksi vain Suomeen.\r\n\r\n&nbsp;\r\n\r\n&nbsp;","_et_gb_content_width":"","_exactmetrics_skip_tracking":false,"_exactmetrics_sitenote_active":false,"_exactmetrics_sitenote_note":"","_exactmetrics_sitenote_category":0,"footnotes":""},"class_list":["post-54340","page","type-page","status-publish","hentry"],"_links":{"self":[{"href":"https:\/\/katrioikarinen.com\/en\/wp-json\/wp\/v2\/pages\/54340","targetHints":{"allow":["GET"]}}],"collection":[{"href":"https:\/\/katrioikarinen.com\/en\/wp-json\/wp\/v2\/pages"}],"about":[{"href":"https:\/\/katrioikarinen.com\/en\/wp-json\/wp\/v2\/types\/page"}],"author":[{"embeddable":true,"href":"https:\/\/katrioikarinen.com\/en\/wp-json\/wp\/v2\/users\/3"}],"replies":[{"embeddable":true,"href":"https:\/\/katrioikarinen.com\/en\/wp-json\/wp\/v2\/comments?post=54340"}],"version-history":[{"count":8,"href":"https:\/\/katrioikarinen.com\/en\/wp-json\/wp\/v2\/pages\/54340\/revisions"}],"predecessor-version":[{"id":54444,"href":"https:\/\/katrioikarinen.com\/en\/wp-json\/wp\/v2\/pages\/54340\/revisions\/54444"}],"wp:attachment":[{"href":"https:\/\/katrioikarinen.com\/en\/wp-json\/wp\/v2\/media?parent=54340"}],"curies":[{"name":"wp","href":"https:\/\/api.w.org\/{rel}","templated":true}]}}