{"id":59542,"date":"2026-03-11T14:08:08","date_gmt":"2026-03-11T12:08:08","guid":{"rendered":"https:\/\/katrioikarinen.com\/?page_id=59542"},"modified":"2026-03-11T15:42:00","modified_gmt":"2026-03-11T13:42:00","slug":"kasityomatka-intiaan","status":"publish","type":"page","link":"https:\/\/katrioikarinen.com\/en\/kasityomatka-intiaan\/","title":{"rendered":"K\u00e4sity\u00f6matka Intiaan"},"content":{"rendered":"<p>[et_pb_section fb_built=&#8221;1&#8243; module_id=&#8221;palvelut&#8221; _builder_version=&#8221;4.27.5&#8243; background_color=&#8221;#f4f4f4&#8243; background_image=&#8221;https:\/\/katrioikarinen.com\/wp-content\/uploads\/2026\/03\/taustanettiin.jpg&#8221; parallax=&#8221;on&#8221; background_enable_video_mp4=&#8221;off&#8221; background_enable_mask_style=&#8221;on&#8221; background_mask_style=&#8221;floating-squares&#8221; background_mask_color=&#8221;rgba(181,69,0,0.28)&#8221; custom_padding=&#8221;8px||74px|||&#8221; global_colors_info=&#8221;{}&#8221;][et_pb_row column_structure=&#8221;1_2,1_2&#8243; use_custom_gutter=&#8221;on&#8221; _builder_version=&#8221;4.16&#8243; width=&#8221;100%&#8221; max_width=&#8221;2114px&#8221; custom_margin=&#8221;69px|auto|14px|auto||&#8221; custom_padding=&#8221;2px|||||&#8221; global_colors_info=&#8221;{}&#8221;][et_pb_column type=&#8221;1_2&#8243; _builder_version=&#8221;4.16&#8243; custom_padding=&#8221;|||&#8221; global_colors_info=&#8221;{}&#8221; custom_padding__hover=&#8221;|||&#8221;][\/et_pb_column][et_pb_column type=&#8221;1_2&#8243; _builder_version=&#8221;4.16&#8243; custom_padding=&#8221;|||&#8221; global_colors_info=&#8221;{}&#8221; custom_padding__hover=&#8221;|||&#8221;][et_pb_text _builder_version=&#8221;4.16&#8243; header_2_font=&#8221;Josefin Sans||||||||&#8221; header_2_text_color=&#8221;rgba(255,255,255,0.5)&#8221; header_2_font_size=&#8221;38px&#8221; text_orientation=&#8221;center&#8221; width=&#8221;100%&#8221; custom_margin=&#8221;30px||-8px|-87px|false|false&#8221; custom_padding=&#8221;|86px|||false|false&#8221; custom_padding_tablet=&#8221;&#8221; custom_padding_phone=&#8221;&#8221; custom_padding_last_edited=&#8221;on|phone&#8221; header_font_size_tablet=&#8221;&#8221; header_font_size_phone=&#8221;52px&#8221; header_font_size_last_edited=&#8221;on|phone&#8221; global_colors_info=&#8221;{}&#8221;]<\/p>\n<h2>Art&amp;Design by Katri Oikarinen<\/h2>\n<p>[\/et_pb_text][et_pb_text admin_label=&#8221;Wallon Werhoomo&#8221; _builder_version=&#8221;4.27.5&#8243; text_font=&#8221;||||||||&#8221; text_text_color=&#8221;#000000&#8243; header_font=&#8221;Oswald||||||||&#8221; header_text_align=&#8221;center&#8221; header_text_color=&#8221;rgba(255,255,255,0.5)&#8221; header_font_size=&#8221;100px&#8221; min_height=&#8221;69px&#8221; custom_margin=&#8221;|||-163px||&#8221; custom_padding=&#8221;0px|80px||||&#8221; hover_enabled=&#8221;0&#8243; header_font_size_tablet=&#8221;&#8221; header_font_size_phone=&#8221;66px&#8221; header_font_size_last_edited=&#8221;on|phone&#8221; text_text_shadow_style=&#8221;preset3&#8243; text_text_shadow_horizontal_length=&#8221;-0.25em&#8221; text_text_shadow_blur_strength=&#8221;1.32em&#8221; text_text_shadow_color=&#8221;RGBA(255,255,255,0)&#8221; global_colors_info=&#8221;{}&#8221; sticky_enabled=&#8221;0&#8243;]<\/p>\n<h1>K\u00e4sity\u00f6matka<\/h1>\n<p>[\/et_pb_text][\/et_pb_column][\/et_pb_row][\/et_pb_section][et_pb_section fb_built=&#8221;1&#8243; module_id=&#8221;kuvagalleria&#8221; _builder_version=&#8221;4.16&#8243; background_color=&#8221;#f4f4f4&#8243; custom_padding=&#8221;0px||21px|||&#8221; global_colors_info=&#8221;{}&#8221;][et_pb_row use_custom_gutter=&#8221;on&#8221; gutter_width=&#8221;1&#8243; _builder_version=&#8221;4.16&#8243; width=&#8221;93%&#8221; max_width=&#8221;1461px&#8221; custom_margin=&#8221;-9px|auto||auto||&#8221; custom_padding=&#8221;39px||0px|||&#8221; global_colors_info=&#8221;{}&#8221;][et_pb_column type=&#8221;4_4&#8243; _builder_version=&#8221;4.16&#8243; custom_padding=&#8221;|||&#8221; global_colors_info=&#8221;{}&#8221; custom_padding__hover=&#8221;|||&#8221;][et_pb_text _builder_version=&#8221;4.27.5&#8243; text_font=&#8221;||||||||&#8221; header_font=&#8221;Oswald||||||||&#8221; header_text_align=&#8221;center&#8221; header_text_color=&#8221;rgba(52,51,53,0.75)&#8221; header_font_size=&#8221;55px&#8221; custom_padding=&#8221;||34px|||&#8221; global_colors_info=&#8221;{}&#8221;]<\/p>\n<h1>Satumainen Jaipur<\/h1>\n<p>[\/et_pb_text][\/et_pb_column][\/et_pb_row][\/et_pb_section][et_pb_section fb_built=&#8221;1&#8243; module_id=&#8221;kuvagalleria&#8221; _builder_version=&#8221;4.16&#8243; background_color=&#8221;#ffffff&#8221; custom_padding=&#8221;0px||21px|||&#8221; global_colors_info=&#8221;{}&#8221;][et_pb_row column_structure=&#8221;1_2,1_2&#8243; use_custom_gutter=&#8221;on&#8221; gutter_width=&#8221;1&#8243; _builder_version=&#8221;4.27.5&#8243; width=&#8221;93%&#8221; max_width=&#8221;1461px&#8221; custom_margin=&#8221;-9px|auto||auto||&#8221; custom_padding=&#8221;0px||84px|||&#8221; global_colors_info=&#8221;{}&#8221;][et_pb_column type=&#8221;1_2&#8243; _builder_version=&#8221;4.16&#8243; custom_padding=&#8221;|||&#8221; global_colors_info=&#8221;{}&#8221; custom_padding__hover=&#8221;|||&#8221;][et_pb_image src=&#8221;https:\/\/katrioikarinen.com\/wp-content\/uploads\/2026\/03\/jaipur1.jpg&#8221; title_text=&#8221;jaipur1&#8243; align=&#8221;center&#8221; _builder_version=&#8221;4.27.5&#8243; _module_preset=&#8221;default&#8221; width=&#8221;84%&#8221; module_alignment=&#8221;center&#8221; global_colors_info=&#8221;{}&#8221;][\/et_pb_image][et_pb_image src=&#8221;https:\/\/katrioikarinen.com\/wp-content\/uploads\/2026\/03\/jaipur2.jpg&#8221; title_text=&#8221;jaipur2&#8243; align=&#8221;center&#8221; _builder_version=&#8221;4.27.5&#8243; _module_preset=&#8221;default&#8221; width=&#8221;84%&#8221; module_alignment=&#8221;center&#8221; custom_padding=&#8221;102px|||||&#8221; global_colors_info=&#8221;{}&#8221;][\/et_pb_image][\/et_pb_column][et_pb_column type=&#8221;1_2&#8243; _builder_version=&#8221;4.16&#8243; custom_padding=&#8221;|||&#8221; global_colors_info=&#8221;{}&#8221; custom_padding__hover=&#8221;|||&#8221;][et_pb_text _builder_version=&#8221;4.27.5&#8243; text_font=&#8221;||||||||&#8221; header_font=&#8221;Oswald||||||||&#8221; header_text_align=&#8221;center&#8221; header_text_color=&#8221;rgba(52,51,53,0.75)&#8221; header_font_size=&#8221;45px&#8221; custom_padding=&#8221;141px||11px|||&#8221; global_colors_info=&#8221;{}&#8221;]<\/p>\n<h1>K\u00e4sity\u00f6- ja taidematka Intiaan &#8211; Jaipur<\/h1>\n<h1>30.9.-11.10. 2026<\/h1>\n<p>&nbsp;<\/p>\n<p>[\/et_pb_text][et_pb_text _builder_version=&#8221;4.27.5&#8243; text_font=&#8221;|300|||||||&#8221; text_text_color=&#8221;rgba(33,33,33,0.71)&#8221; text_orientation=&#8221;center&#8221; custom_margin=&#8221;-41px|7.4%|24px|8.2%||&#8221; custom_padding=&#8221;24px||0px|||&#8221; text_text_align=&#8221;center&#8221; global_colors_info=&#8221;{}&#8221;]<\/p>\n<div class=\"et_pb_module et_pb_text et_pb_text_13  et_pb_text_align_center et_pb_bg_layout_light\">\n<div class=\"et_pb_text_inner\">\n<p data-start=\"240\" data-end=\"512\" style=\"text-align: left;\">Koe satumainen Jaipur ja inspiroidu sen v\u00e4rikk\u00e4\u00e4st\u00e4 kulttuurista ainutlaatuisella k\u00e4sity\u00f6- ja taidematkalla Intiaan. Matkalla p\u00e4\u00e4set tutustumaan perinteisiin k\u00e4sity\u00f6ammatteihin, vierailemaan artesaanien ty\u00f6pajoissa sek\u00e4 ty\u00f6skentelem\u00e4\u00e4n luovasti omassa taidety\u00f6pajassamme.<\/p>\n<p data-start=\"514\" data-end=\"848\" style=\"text-align: left;\">Toimin matkalla taiteellisena oppaana ja ty\u00f6pajavet\u00e4j\u00e4n\u00e4. Ohjaan hotellilla luovia ty\u00f6pajoja, joissa rakennamme <strong data-start=\"633\" data-end=\"706\">oman dioraaman \u2013 henkil\u00f6kohtaisen mielenmaiseman vanhan kirjan sis\u00e4\u00e4n<\/strong>. Teokseen tallennetaan tunteita ja tunnelmia kuvien avulla, johon voit sis\u00e4llytt\u00e4\u00e4 matkalta l\u00f6ytyneit\u00e4 materiaaleja, kuvia, v\u00e4rej\u00e4 ja muistoja.<\/p>\n<p data-start=\"514\" data-end=\"848\" style=\"text-align: left;\">Teos valaistaan led-valoilla, ja oman kuvituksesi suojaksi asetetaan heijastamaton lasi. N\u00e4m\u00e4 viimeistelev\u00e4t ty\u00f6n kauniisti ja antavat sille arvokkaan, viimeistellyn ilmeen.<\/p>\n<p data-start=\"850\" data-end=\"1015\" style=\"text-align: left;\">Ty\u00f6pajoissa yhdistyv\u00e4t k\u00e4sity\u00f6, kuvataide ja tarinallisuus. Tarkoituksena on pys\u00e4hty\u00e4 hetkeksi kokemusten \u00e4\u00e4relle ja muuttaa matkan v\u00e4rit, kohtaamiset ja tunnelmat omaksi pieneksi maailmaksi kirjan sis\u00e4\u00e4n.<\/p>\n<p data-start=\"531\" data-end=\"769\" style=\"text-align: left;\">Olen my\u00f6s muusikko, ja iltaisin saatamme kokoontua yhdess\u00e4 musiikin \u00e4\u00e4relle. Tuon mukanani kitaran ja el\u00e4v\u00f6it\u00e4n matkan tunnelmaa pienill\u00e4 <strong data-start=\"674\" data-end=\"712\">spontaaneilla livemusiikkihetkill\u00e4<\/strong>, joissa p\u00e4iv\u00e4n kokemukset voivat jatkua musiikin kautta.<\/p>\n<h3 data-section-id=\"shbspf\" data-start=\"1017\" data-end=\"1036\" style=\"text-align: left;\">Matkan ohjelmaa<\/h3>\n<p data-start=\"1037\" data-end=\"1157\" style=\"text-align: left;\">Matkan aikana tutustumme Jaipurin rikkaaseen k\u00e4sity\u00f6perinteeseen ja paikalliseen kulttuuriin. Ohjelmassa on muun muassa:<\/p>\n<ul data-start=\"1159\" data-end=\"1533\" style=\"text-align: left;\">\n<li data-section-id=\"pmrg4b\" data-start=\"1159\" data-end=\"1195\">\n<p data-start=\"1161\" data-end=\"1195\"><strong data-start=\"1161\" data-end=\"1195\">Saronkien kuviointi ja v\u00e4rj\u00e4ys<\/strong><\/p>\n<\/li>\n<li data-section-id=\"qh1i3x\" data-start=\"1196\" data-end=\"1233\">\n<p data-start=\"1198\" data-end=\"1233\"><strong data-start=\"1198\" data-end=\"1233\">Blue Pottery -lautasten maalaus<\/strong><\/p>\n<\/li>\n<li data-section-id=\"1htjmua\" data-start=\"1234\" data-end=\"1264\">\n<p data-start=\"1236\" data-end=\"1264\">Vierailu <strong data-start=\"1245\" data-end=\"1264\">paperitehtaalla<\/strong><\/p>\n<\/li>\n<li data-section-id=\"1gafk8s\" data-start=\"1265\" data-end=\"1305\">\n<p data-start=\"1267\" data-end=\"1305\">K\u00e4ynti <strong data-start=\"1274\" data-end=\"1305\">leimasinkaivertajan pajassa<\/strong><\/p>\n<\/li>\n<li data-section-id=\"juhwvx\" data-start=\"1306\" data-end=\"1346\">\n<p data-start=\"1308\" data-end=\"1346\">Vierailu <strong data-start=\"1317\" data-end=\"1346\">Rug Village -mattokyl\u00e4ss\u00e4<\/strong><\/p>\n<\/li>\n<li data-section-id=\"ead68w\" data-start=\"1347\" data-end=\"1374\">\n<p data-start=\"1349\" data-end=\"1374\"><strong data-start=\"1349\" data-end=\"1374\">Kukkatori ja temppeli<\/strong><\/p>\n<\/li>\n<li data-section-id=\"1hdzj28\" data-start=\"1375\" data-end=\"1406\">\n<p data-start=\"1377\" data-end=\"1406\"><strong data-start=\"1377\" data-end=\"1406\">Elefanttien suojelukeskus<\/strong><\/p>\n<\/li>\n<li data-section-id=\"3pe5xv\" data-start=\"1407\" data-end=\"1473\">\n<p data-start=\"1409\" data-end=\"1473\">Historialliset n\u00e4ht\u00e4vyydet kuten <strong data-start=\"1442\" data-end=\"1455\">Jal Mahal<\/strong> ja <strong data-start=\"1459\" data-end=\"1473\">Amber Fort<\/strong><\/p>\n<\/li>\n<li data-section-id=\"2gkllk\" data-start=\"1474\" data-end=\"1533\">\n<p data-start=\"1476\" data-end=\"1533\">Shoppailua Jaipurin ja Delhin v\u00e4rikk\u00e4ill\u00e4 <strong data-start=\"1518\" data-end=\"1533\">basaareilla<\/strong><\/p>\n<\/li>\n<\/ul>\n<p data-start=\"1535\" data-end=\"1709\" style=\"text-align: left;\">Matka tarjoaa el\u00e4myksi\u00e4 kaikille aisteille \u2013 v\u00e4rej\u00e4, tuoksuja, k\u00e4sity\u00f6taitoa, historiaa ja paikallista arkea. P\u00e4ivien aikana koetut asiat saavat luovan muodon ty\u00f6pajoissamme.<\/p>\n<h3 data-section-id=\"nfjd4x\" data-start=\"1711\" data-end=\"1750\" style=\"text-align: left;\">Turvallinen matka pieness\u00e4 ryhm\u00e4ss\u00e4<\/h3>\n<p data-start=\"1751\" data-end=\"1843\" style=\"text-align: left;\">Matkan j\u00e4rjest\u00e4\u00e4 kokenut suomalais-brittil\u00e4inen <strong data-start=\"1799\" data-end=\"1840\"><span class=\"hover:entity-accent entity-underline inline cursor-pointer align-baseline\"><span class=\"whitespace-normal\">The Craft Travel Company<\/span><\/span><\/strong>.<br \/>https:\/\/www.thecrafttravelcompany.co.uk\/<\/p>\n<p data-start=\"1845\" data-end=\"2104\" style=\"text-align: left;\">Matkanjohtajana toimii <strong data-start=\"1868\" data-end=\"1909\"><span class=\"hover:entity-accent entity-underline inline cursor-pointer align-baseline\"><span class=\"whitespace-normal\">Laura Vacker<\/span><\/span><\/strong>, joka on asunut Intiassa yli 14 vuotta ja puhuu my\u00f6s hindi\u00e4. H\u00e4n on j\u00e4rjest\u00e4nyt useita k\u00e4sity\u00f6matkoja Intiaan ja tunnetaan Suomessa my\u00f6s <strong data-start=\"2047\" data-end=\"2088\"><span class=\"hover:entity-accent entity-underline inline cursor-pointer align-baseline\"><span class=\"whitespace-normal\">Blockwallah<\/span><\/span><\/strong> nimisest\u00e4 yrityksest\u00e4\u00e4n.<br \/>https:\/\/www.blockwallah.fi\/<\/p>\n<p data-start=\"2106\" data-end=\"2202\" style=\"text-align: left;\">Pieni <strong data-start=\"2112\" data-end=\"2134\">10\u201315 hengen ryhm\u00e4<\/strong> takaa henkil\u00f6kohtaisen, rauhallisen ja turvallisen matkakokemuksen.<\/p>\n<h3 data-section-id=\"kmc6sn\" data-start=\"2204\" data-end=\"2228\" style=\"text-align: left;\">Kenelle matka sopii?<\/h3>\n<p data-start=\"2229\" data-end=\"2397\" style=\"text-align: left;\">Matka sopii kaikille luovuudesta ja kulttuureista kiinnostuneille \u2013 sinun ei tarvitse olla k\u00e4sity\u00f6harrastaja. T\u00e4rkeint\u00e4 on uteliaisuus, halu kokea uutta ja inspiroitua.<\/p>\n<h3 data-section-id=\"1hrkq80\" data-start=\"2399\" data-end=\"2426\" style=\"text-align: left;\">Lis\u00e4tiedot ja varaukset<\/h3>\n<p data-start=\"2427\" data-end=\"2481\" style=\"text-align: left;\"><strong data-start=\"2427\" data-end=\"2443\">Laura Vacker<\/strong><br data-start=\"2443\" data-end=\"2446\" \/>040 7179 131<br \/><span style=\"color: #000000;\"><strong><a href=\"mailto:info@blocwallah.fi\" style=\"color: #000000;\">info@blocwallah.fi<\/a><\/strong><\/span><\/p>\n<h3 data-section-id=\"shbspf\" data-start=\"1017\" data-end=\"1036\" style=\"text-align: left;\"><\/h3>\n<h3 data-section-id=\"shbspf\" data-start=\"1017\" data-end=\"1036\" style=\"text-align: left;\"><\/h3>\n<h3 data-section-id=\"shbspf\" data-start=\"1017\" data-end=\"1036\" style=\"text-align: left;\">Matkan tiedot<\/h3>\n<ul style=\"text-align: left;\">\n<li><strong>Ajankohta:<\/strong><span> 30.9<\/span>.-11.10. 2026<\/li>\n<li><strong>All inclusive -hinta:<\/strong><span>\u00a0<\/span>3900 \u20ac \/ hl\u00f6<\/li>\n<li><strong>Yhden hengen huoneen lis\u00e4:<\/strong><span>\u00a0<\/span>+300 \u20ac<\/li>\n<li><strong>Ryhm\u00e4koko:<\/strong><span>\u00a0<\/span>10\u201315 henkil\u00f6\u00e4<\/li>\n<\/ul>\n<h3 style=\"text-align: left;\"><\/h3>\n<h3 style=\"text-align: left;\">Hintaan sis\u00e4ltyyy<\/h3>\n<ul>\n<li style=\"text-align: left;\">Finnairin suorat lennot<span>\u00a0<\/span><em>Helsinki\u2013Delhi\u2013Helsinki<\/em><\/li>\n<li style=\"text-align: left;\">Majoitus historiallisessa<span>\u00a0<\/span><strong>Meghniwas<\/strong>-hotellissa Jaipurissa (9 y\u00f6t\u00e4) ja Delhiss\u00e4 (1 y\u00f6), 2 hengen huoneissa<\/li>\n<li style=\"text-align: left;\">T\u00e4ysihoito: aamiainen, kevyt lounas\/retkilounas ja illallinen p\u00e4ivitt\u00e4in<\/li>\n<li style=\"text-align: left;\">Ilmastoidut kuljetukset: lentoasema\u2013hotelli sek\u00e4 retkille, kursseille ja illanviettoihin<\/li>\n<li style=\"text-align: left;\">Ohjelmassa mainitut ty\u00f6pajat, retket ja sis\u00e4\u00e4np\u00e4\u00e4symaksut<\/li>\n<\/ul>\n<\/div>\n<\/div>\n<p>[\/et_pb_text][\/et_pb_column][\/et_pb_row][\/et_pb_section][et_pb_section fb_built=&#8221;1&#8243; disabled_on=&#8221;off|off|off&#8221; module_id=&#8221;ota yhteytt\u00e4&#8221; _builder_version=&#8221;4.16&#8243; background_color=&#8221;rgba(89,89,89,0)&#8221; use_background_color_gradient=&#8221;on&#8221; background_color_gradient_stops=&#8221;rgba(0,0,0,0) 0%|#212121 100%&#8221; background_color_gradient_start=&#8221;rgba(0,0,0,0)&#8221; background_color_gradient_end=&#8221;#212121&#8243; background_image=&#8221;https:\/\/katrioikarinen.com\/wp-content\/uploads\/2019\/09\/annie-spratt-thI_CZAB0MY-unsplash.jpg&#8221; background_blend=&#8221;overlay&#8221; custom_padding=&#8221;143px||101px|||&#8221; global_colors_info=&#8221;{}&#8221;][et_pb_row column_structure=&#8221;1_2,1_2&#8243; _builder_version=&#8221;4.16&#8243; custom_padding=&#8221;20px||33px|||&#8221; global_colors_info=&#8221;{}&#8221;][et_pb_column type=&#8221;1_2&#8243; _builder_version=&#8221;4.16&#8243; custom_padding=&#8221;|||&#8221; global_colors_info=&#8221;{}&#8221; custom_padding__hover=&#8221;|||&#8221;][et_pb_text _builder_version=&#8221;4.16&#8243; text_font=&#8221;||||||||&#8221; text_text_color=&#8221;#ffffff&#8221; text_font_size=&#8221;19px&#8221; header_font=&#8221;||||||||&#8221; header_text_align=&#8221;center&#8221; header_text_color=&#8221;rgba(255,255,255,0.78)&#8221; header_font_size=&#8221;55px&#8221; custom_padding=&#8221;1px|||||&#8221; text_text_shadow_style=&#8221;preset3&#8243; text_text_shadow_horizontal_length=&#8221;0.11em&#8221; text_text_shadow_vertical_length=&#8221;0.08em&#8221; text_text_shadow_blur_strength=&#8221;0.38em&#8221; text_text_shadow_color=&#8221;#3a3a3a&#8221; text_text_align=&#8221;left&#8221; global_colors_info=&#8221;{}&#8221;]<\/p>\n<p>Katri Oikarinen<br \/> <a href=\"mailto:info@katrioikarinen.com\">katrioikarinen@yahoo.com<\/a><br \/> <a href=\"tel:+358%407200343\">+358 40 7200343<\/a><\/p>\n<p>[\/et_pb_text][\/et_pb_column][et_pb_column type=&#8221;1_2&#8243; _builder_version=&#8221;4.16&#8243; global_colors_info=&#8221;{}&#8221;][\/et_pb_column][\/et_pb_row][et_pb_row _builder_version=&#8221;4.16&#8243; custom_padding=&#8221;1px||0px|||&#8221; global_colors_info=&#8221;{}&#8221;][et_pb_column type=&#8221;4_4&#8243; _builder_version=&#8221;4.16&#8243; custom_padding=&#8221;|||&#8221; global_colors_info=&#8221;{}&#8221; custom_padding__hover=&#8221;|||&#8221;][et_pb_divider color=&#8221;#ffffff&#8221; _builder_version=&#8221;4.16&#8243; global_colors_info=&#8221;{}&#8221;][\/et_pb_divider][\/et_pb_column][\/et_pb_row][et_pb_row _builder_version=&#8221;4.16&#8243; global_colors_info=&#8221;{}&#8221;][et_pb_column type=&#8221;4_4&#8243; _builder_version=&#8221;4.16&#8243; custom_padding=&#8221;|||&#8221; global_colors_info=&#8221;{}&#8221; custom_padding__hover=&#8221;|||&#8221;][et_pb_text _builder_version=&#8221;4.27.4&#8243; text_font=&#8221;|300|||||||&#8221; text_text_color=&#8221;#ffffff&#8221; header_font=&#8221;||||||||&#8221; header_text_align=&#8221;left&#8221; header_text_color=&#8221;#ffffff&#8221; text_orientation=&#8221;center&#8221; text_text_align=&#8221;center&#8221; global_colors_info=&#8221;{}&#8221;]<\/p>\n<h1><span>Kiinnostuitko?<\/span><\/h1>\n<h1><span>Ota yhteytt\u00e4, j\u00e4t\u00e4 Tilaus!<\/span><\/h1>\n<p>[\/et_pb_text][et_pb_text _builder_version=&#8221;4.27.4&#8243; text_font=&#8221;|300|||||||&#8221; text_text_color=&#8221;#ffffff&#8221; text_orientation=&#8221;center&#8221; text_text_align=&#8221;center&#8221; global_colors_info=&#8221;{}&#8221;]<\/p>\n<p style=\"text-align: left;\">Jos olet kiinnostunut kustomoidusta teoksesta, ota yhteytt\u00e4 ja kerro mink\u00e4laisia toiveita sinulla on mieless\u00e4?<\/p>\n<p>[\/et_pb_text][\/et_pb_column][\/et_pb_row][\/et_pb_section]<\/p>\n","protected":false},"excerpt":{"rendered":"<p>Art&amp;Design by Katri OikarinenK\u00e4sity\u00f6matkaSatumainen JaipurK\u00e4sity\u00f6- ja taidematka Intiaan &#8211; Jaipur 30.9.-11.10. 2026 &nbsp; Koe satumainen Jaipur ja inspiroidu sen v\u00e4rikk\u00e4\u00e4st\u00e4 kulttuurista ainutlaatuisella k\u00e4sity\u00f6- ja taidematkalla Intiaan. Matkalla p\u00e4\u00e4set tutustumaan perinteisiin k\u00e4sity\u00f6ammatteihin, vierailemaan artesaanien ty\u00f6pajoissa sek\u00e4 ty\u00f6skentelem\u00e4\u00e4n luovasti omassa taidety\u00f6pajassamme. Toimin matkalla taiteellisena oppaana ja ty\u00f6pajavet\u00e4j\u00e4n\u00e4. Ohjaan hotellilla luovia ty\u00f6pajoja, joissa rakennamme oman dioraaman \u2013 henkil\u00f6kohtaisen [&hellip;]<\/p>\n","protected":false},"author":3,"featured_media":0,"parent":0,"menu_order":0,"comment_status":"closed","ping_status":"closed","template":"","meta":{"_et_pb_use_builder":"on","_et_pb_old_content":"","_et_gb_content_width":"","_exactmetrics_skip_tracking":false,"_exactmetrics_sitenote_active":false,"_exactmetrics_sitenote_note":"","_exactmetrics_sitenote_category":0,"footnotes":""},"class_list":["post-59542","page","type-page","status-publish","hentry"],"_links":{"self":[{"href":"https:\/\/katrioikarinen.com\/en\/wp-json\/wp\/v2\/pages\/59542","targetHints":{"allow":["GET"]}}],"collection":[{"href":"https:\/\/katrioikarinen.com\/en\/wp-json\/wp\/v2\/pages"}],"about":[{"href":"https:\/\/katrioikarinen.com\/en\/wp-json\/wp\/v2\/types\/page"}],"author":[{"embeddable":true,"href":"https:\/\/katrioikarinen.com\/en\/wp-json\/wp\/v2\/users\/3"}],"replies":[{"embeddable":true,"href":"https:\/\/katrioikarinen.com\/en\/wp-json\/wp\/v2\/comments?post=59542"}],"version-history":[{"count":6,"href":"https:\/\/katrioikarinen.com\/en\/wp-json\/wp\/v2\/pages\/59542\/revisions"}],"predecessor-version":[{"id":59581,"href":"https:\/\/katrioikarinen.com\/en\/wp-json\/wp\/v2\/pages\/59542\/revisions\/59581"}],"wp:attachment":[{"href":"https:\/\/katrioikarinen.com\/en\/wp-json\/wp\/v2\/media?parent=59542"}],"curies":[{"name":"wp","href":"https:\/\/api.w.org\/{rel}","templated":true}]}}