{"id":59554,"date":"2026-03-11T14:57:36","date_gmt":"2026-03-11T12:57:36","guid":{"rendered":"https:\/\/katrioikarinen.com\/?page_id=59554"},"modified":"2026-03-11T15:41:21","modified_gmt":"2026-03-11T13:41:21","slug":"taideretriitti-himalansaaressa","status":"publish","type":"page","link":"https:\/\/katrioikarinen.com\/en\/taideretriitti-himalansaaressa\/","title":{"rendered":"Taideretriitti"},"content":{"rendered":"<p>[et_pb_section fb_built=&#8221;1&#8243; module_id=&#8221;palvelut&#8221; _builder_version=&#8221;4.27.5&#8243; background_color=&#8221;#f4f4f4&#8243; background_image=&#8221;https:\/\/katrioikarinen.com\/wp-content\/uploads\/2026\/03\/tausta-1.jpg&#8221; parallax=&#8221;on&#8221; background_enable_video_mp4=&#8221;off&#8221; custom_padding=&#8221;8px||74px|||&#8221; hover_enabled=&#8221;0&#8243; global_colors_info=&#8221;{}&#8221; background_enable_mask_style=&#8221;on&#8221; background_mask_style=&#8221;floating-squares&#8221; background_mask_color=&#8221;rgba(23,11,99,0.55)&#8221; sticky_enabled=&#8221;0&#8243;][et_pb_row column_structure=&#8221;1_2,1_2&#8243; use_custom_gutter=&#8221;on&#8221; _builder_version=&#8221;4.16&#8243; width=&#8221;100%&#8221; max_width=&#8221;2114px&#8221; custom_margin=&#8221;69px|auto|14px|auto||&#8221; custom_padding=&#8221;2px|||||&#8221; global_colors_info=&#8221;{}&#8221;][et_pb_column type=&#8221;1_2&#8243; _builder_version=&#8221;4.16&#8243; custom_padding=&#8221;|||&#8221; global_colors_info=&#8221;{}&#8221; custom_padding__hover=&#8221;|||&#8221;][\/et_pb_column][et_pb_column type=&#8221;1_2&#8243; _builder_version=&#8221;4.16&#8243; custom_padding=&#8221;|||&#8221; global_colors_info=&#8221;{}&#8221; custom_padding__hover=&#8221;|||&#8221;][et_pb_text _builder_version=&#8221;4.16&#8243; header_2_font=&#8221;Josefin Sans||||||||&#8221; header_2_text_color=&#8221;rgba(255,255,255,0.5)&#8221; header_2_font_size=&#8221;38px&#8221; text_orientation=&#8221;center&#8221; width=&#8221;100%&#8221; custom_margin=&#8221;30px||-8px|-87px|false|false&#8221; custom_padding=&#8221;|86px|||false|false&#8221; custom_padding_tablet=&#8221;&#8221; custom_padding_phone=&#8221;&#8221; custom_padding_last_edited=&#8221;on|phone&#8221; header_font_size_tablet=&#8221;&#8221; header_font_size_phone=&#8221;52px&#8221; header_font_size_last_edited=&#8221;on|phone&#8221; global_colors_info=&#8221;{}&#8221;]<\/p>\n<h2>Art&amp;Design by Katri Oikarinen<\/h2>\n<p>[\/et_pb_text][et_pb_text admin_label=&#8221;Wallon Werhoomo&#8221; _builder_version=&#8221;4.27.5&#8243; text_font=&#8221;||||||||&#8221; text_text_color=&#8221;#000000&#8243; header_font=&#8221;Oswald||||||||&#8221; header_text_align=&#8221;center&#8221; header_text_color=&#8221;rgba(255,255,255,0.5)&#8221; header_font_size=&#8221;100px&#8221; min_height=&#8221;69px&#8221; custom_margin=&#8221;|||-163px||&#8221; custom_padding=&#8221;0px|80px||||&#8221; header_font_size_tablet=&#8221;&#8221; header_font_size_phone=&#8221;66px&#8221; header_font_size_last_edited=&#8221;on|phone&#8221; text_text_shadow_style=&#8221;preset3&#8243; text_text_shadow_horizontal_length=&#8221;-0.25em&#8221; text_text_shadow_blur_strength=&#8221;1.32em&#8221; text_text_shadow_color=&#8221;RGBA(255,255,255,0)&#8221; global_colors_info=&#8221;{}&#8221;]<\/p>\n<h1>Taideretriitti\u00a0<\/h1>\n<p>[\/et_pb_text][\/et_pb_column][\/et_pb_row][\/et_pb_section][et_pb_section fb_built=&#8221;1&#8243; module_id=&#8221;kuvagalleria&#8221; _builder_version=&#8221;4.16&#8243; background_color=&#8221;#f4f4f4&#8243; custom_padding=&#8221;0px||21px|||&#8221; global_colors_info=&#8221;{}&#8221;][et_pb_row use_custom_gutter=&#8221;on&#8221; gutter_width=&#8221;1&#8243; _builder_version=&#8221;4.16&#8243; width=&#8221;93%&#8221; max_width=&#8221;1461px&#8221; custom_margin=&#8221;-9px|auto||auto||&#8221; custom_padding=&#8221;39px||0px|||&#8221; global_colors_info=&#8221;{}&#8221;][et_pb_column type=&#8221;4_4&#8243; _builder_version=&#8221;4.16&#8243; custom_padding=&#8221;|||&#8221; global_colors_info=&#8221;{}&#8221; custom_padding__hover=&#8221;|||&#8221;][et_pb_text _builder_version=&#8221;4.27.5&#8243; text_font=&#8221;||||||||&#8221; header_font=&#8221;Oswald||||||||&#8221; header_text_align=&#8221;center&#8221; header_text_color=&#8221;rgba(52,51,53,0.75)&#8221; header_font_size=&#8221;55px&#8221; custom_padding=&#8221;||34px|||&#8221; global_colors_info=&#8221;{}&#8221;]<\/p>\n<h1>Taideretriitti Y\u00f6veden Ateljeekodissa<\/h1>\n<p>[\/et_pb_text][\/et_pb_column][\/et_pb_row][\/et_pb_section][et_pb_section fb_built=&#8221;1&#8243; module_id=&#8221;kuvagalleria&#8221; _builder_version=&#8221;4.16&#8243; background_color=&#8221;#ffffff&#8221; custom_padding=&#8221;0px||21px|||&#8221; global_colors_info=&#8221;{}&#8221;][et_pb_row column_structure=&#8221;1_2,1_2&#8243; use_custom_gutter=&#8221;on&#8221; gutter_width=&#8221;1&#8243; _builder_version=&#8221;4.27.5&#8243; width=&#8221;93%&#8221; max_width=&#8221;1461px&#8221; custom_margin=&#8221;-9px|auto||auto||&#8221; custom_padding=&#8221;0px||84px|||&#8221; global_colors_info=&#8221;{}&#8221;][et_pb_column type=&#8221;1_2&#8243; _builder_version=&#8221;4.16&#8243; custom_padding=&#8221;|||&#8221; global_colors_info=&#8221;{}&#8221; custom_padding__hover=&#8221;|||&#8221;][et_pb_image src=&#8221;https:\/\/katrioikarinen.com\/wp-content\/uploads\/2026\/03\/kuvitetaan_web.jpg&#8221; title_text=&#8221;kuvitetaan_web&#8221; align=&#8221;center&#8221; _builder_version=&#8221;4.27.5&#8243; _module_preset=&#8221;default&#8221; width=&#8221;84%&#8221; module_alignment=&#8221;center&#8221; custom_margin=&#8221;||33px|||&#8221; global_colors_info=&#8221;{}&#8221;][\/et_pb_image][et_pb_image src=&#8221;https:\/\/katrioikarinen.com\/wp-content\/uploads\/2026\/03\/kuvitetaan2.jpg&#8221; title_text=&#8221;kuvitetaan2&#8243; align=&#8221;center&#8221; _builder_version=&#8221;4.27.5&#8243; _module_preset=&#8221;default&#8221; width=&#8221;84%&#8221; module_alignment=&#8221;center&#8221; custom_margin=&#8221;71px|||||&#8221; global_colors_info=&#8221;{}&#8221;][\/et_pb_image][\/et_pb_column][et_pb_column type=&#8221;1_2&#8243; _builder_version=&#8221;4.16&#8243; custom_padding=&#8221;|||&#8221; global_colors_info=&#8221;{}&#8221; custom_padding__hover=&#8221;|||&#8221;][et_pb_text _builder_version=&#8221;4.27.5&#8243; text_font=&#8221;||||||||&#8221; header_font=&#8221;Oswald||||||||&#8221; header_text_align=&#8221;center&#8221; header_text_color=&#8221;rgba(52,51,53,0.75)&#8221; header_font_size=&#8221;45px&#8221; custom_padding=&#8221;69px||11px|||&#8221; global_colors_info=&#8221;{}&#8221;]<\/p>\n<h1 class=\"entry-title\">P\u00e4\u00e4si\u00e4isen taideretriitti Y\u00f6ven Ateljeekodissa \u2013 Himalansaaressa<\/h1>\n<h1 class=\"entry-title\">4-6.4.2026<\/h1>\n<p>&nbsp;<\/p>\n<p>[\/et_pb_text][et_pb_text _builder_version=&#8221;4.27.5&#8243; text_font=&#8221;|300|||||||&#8221; text_text_color=&#8221;rgba(33,33,33,0.71)&#8221; text_orientation=&#8221;center&#8221; custom_margin=&#8221;-41px|7.4%|24px|8.2%||&#8221; custom_padding=&#8221;24px||0px|||&#8221; text_text_align=&#8221;center&#8221; global_colors_info=&#8221;{}&#8221;]<\/p>\n<div class=\"et_pb_module et_pb_text et_pb_text_13  et_pb_text_align_center et_pb_bg_layout_light\">\n<div class=\"et_pb_text_inner\">\n<p data-start=\"262\" data-end=\"314\" style=\"text-align: left;\"><strong data-start=\"262\" data-end=\"314\">Dioraama: oma mielenmaisema vanhan kirjan sis\u00e4\u00e4n<\/strong><\/p>\n<p data-start=\"316\" data-end=\"563\" style=\"text-align: left;\">Tule viett\u00e4m\u00e4\u00e4n inspiroiva ja lempe\u00e4 p\u00e4\u00e4si\u00e4isviikonloppu luovuuden \u00e4\u00e4rell\u00e4 Y\u00f6ven Ateljeekodissa <strong><span style=\"color: rgba(3, 25, 81, 0.78);\"><a href=\"https:\/\/yovedenateljeekoti.net\/\" style=\"color: rgba(3, 25, 81, 0.78);\">https:\/\/yovedenateljeekoti.net\/<\/a> <\/span><\/strong>Himalansaaressa.<br \/>Saaren rauha, kev\u00e4\u00e4n valo ja yhdess\u00e4 tekemisen ilo luovat tilan, jossa on lupa hidastaa, hengitt\u00e4\u00e4 ja uppoutua omaan mielikuvitukseen.<\/p>\n<p data-start=\"565\" data-end=\"894\" style=\"text-align: left;\">Kurssilla valmistamme <strong data-start=\"587\" data-end=\"662\">dioraaman \u2013 pienen kolmiulotteisen mielenmaiseman vanhan kirjan sis\u00e4lle<\/strong>. Dioraama on pieni maailma, joka rakentuu kerroksista, kuvista ja yksityiskohdista. Se voi kuvata maisemaa, muistoa, tunnetta tai tunnelmaa \u2013 jotain, joka kutsuu katsojan astumaan sis\u00e4\u00e4n ja antaa mielikuvituksen jatkaa sen tarinaa.<\/p>\n<p data-start=\"896\" data-end=\"1231\" style=\"text-align: left;\">Ty\u00f6skentely on intuitiivista ja leikkis\u00e4\u00e4. K\u00e4yt\u00e4mme vanhoja kuvakirjoja, joista oma maailma alkaa v\u00e4hitellen rakentua. Voit ottaa mukaasi my\u00f6s itsellesi t\u00e4rkeit\u00e4 kuvia ja kuva-aiheita. Valmis teos valaistaan pehme\u00e4sti led-valolla ja suojataan heijastamattomalla lasilla, mik\u00e4 viimeistelee sen kauniiksi, pieneksi taide-esineeksi.<\/p>\n<p data-start=\"1233\" data-end=\"1355\" style=\"text-align: left;\">Kurssi sis\u00e4lt\u00e4\u00e4 <strong data-start=\"1249\" data-end=\"1283\">kaikki tarvittavat materiaalit<\/strong>, joten voit tulla mukaan avoimin mielin \u2013 aiempaa kokemusta ei tarvita.<\/p>\n<p data-start=\"1357\" data-end=\"1554\" style=\"text-align: left;\">Retriitin aikana nautimme my\u00f6s <strong data-start=\"1388\" data-end=\"1451\">hyv\u00e4st\u00e4 ruoasta, rantasaunasta, yhdess\u00e4olosta ja musiikista<\/strong>. Lauantai-iltana kuulemme intiimin konsertin, jossa laulaja-lauluntekij\u00e4 Katri O jakaa omia laulujaan.<\/p>\n<hr data-start=\"1556\" data-end=\"1559\" \/>\n<h2 data-section-id=\"g920ir\" data-start=\"1561\" data-end=\"1571\" style=\"text-align: left;\">Ohjaaja<\/h2>\n<p data-start=\"1573\" data-end=\"1890\" style=\"text-align: left;\">Kurssin ohjaa <strong data-start=\"1587\" data-end=\"1628\"><span class=\"hover:entity-accent entity-underline inline cursor-pointer align-baseline\"><span class=\"whitespace-normal\">Katri Oikarinen<\/span><\/span><\/strong>, monialainen taiteilija ja yritt\u00e4j\u00e4, joka ty\u00f6skentelee visuaalisten taiteiden, muotoilun ja musiikin parissa. H\u00e4nen ty\u00f6ss\u00e4\u00e4n eri ilmaisumuodot kohtaavat ja kietoutuvat yhteen moniaistisiksi kokonaisuuksiksi, joissa materiaali, tarina ja tunnelma ovat keski\u00f6ss\u00e4.<\/p>\n<p data-start=\"1892\" data-end=\"2214\" style=\"text-align: left;\">Katri ohjaa kursseja intuitiivisella ja kannustavalla otteella. Tekeminen etenee kuunnellen materiaalia ja omaa sis\u00e4ist\u00e4 rytmi\u00e4 \u2013 ilman valmiita malleja tai oikeita vastauksia. Vanhoilla kirjoilla sek\u00e4 kierr\u00e4tys- ja luonnonmateriaaleilla on h\u00e4nen ty\u00f6ss\u00e4\u00e4n erityinen rooli, ja ne saavat usein uuden, yll\u00e4tt\u00e4v\u00e4n merkityksen.<\/p>\n<p data-start=\"2216\" data-end=\"2466\" style=\"text-align: left;\">Katrin luomisen v\u00e4lineet vaihtelevat <strong data-start=\"2253\" data-end=\"2305\">kyn\u00e4st\u00e4 giljotiiniin ja kitarasta moottorisahaan<\/strong>. H\u00e4nen taiteensa on orgaanisesti etenev\u00e4\u00e4 ja kokeilevaa, ja se kutsuu my\u00f6s osallistujat rohkeasti tutkimaan, leikkim\u00e4\u00e4n ja rakentamaan omann\u00e4k\u00f6isi\u00e4\u00e4n maailmoja.<\/p>\n<hr data-start=\"2468\" data-end=\"2471\" \/>\n<h2 data-section-id=\"xc9dtb\" data-start=\"2473\" data-end=\"2493\" style=\"text-align: left;\">Retriitin ohjelma<\/h2>\n<h3 data-section-id=\"px9ve5\" data-start=\"2495\" data-end=\"2512\" style=\"text-align: left;\">Lauantai 4.4.<\/h3>\n<p data-start=\"2513\" data-end=\"2657\" style=\"text-align: left;\"><strong data-start=\"2513\" data-end=\"2526\">klo 17\u201318<\/strong> Saapuminen ja majoittuminen<br data-start=\"2554\" data-end=\"2557\" \/><strong data-start=\"2557\" data-end=\"2570\">klo 18\u201320<\/strong> Iltatee ja iltapalaa sek\u00e4 lempe\u00e4 viritt\u00e4ytyminen dioraamojen maailmaan Katrin johdolla<\/p>\n<h3 data-section-id=\"138s73a\" data-start=\"2659\" data-end=\"2677\" style=\"text-align: left;\">Sunnuntai 5.4.<\/h3>\n<p data-start=\"2678\" data-end=\"2909\" style=\"text-align: left;\"><strong data-start=\"2678\" data-end=\"2691\">8.30\u20139.30<\/strong> Aamupala<br data-start=\"2700\" data-end=\"2703\" \/><strong data-start=\"2703\" data-end=\"2712\">10\u201313<\/strong> Kurssiohjelmaa<br data-start=\"2727\" data-end=\"2730\" \/><strong data-start=\"2730\" data-end=\"2739\">13\u201314<\/strong> Lounas<br data-start=\"2746\" data-end=\"2749\" \/><strong data-start=\"2749\" data-end=\"2758\">14\u201316<\/strong> Kurssiohjelmaa<br data-start=\"2773\" data-end=\"2776\" \/><strong data-start=\"2776\" data-end=\"2785\">16\u201317<\/strong> Iltap\u00e4iv\u00e4kahvi ja v\u00e4lipalaa<br data-start=\"2813\" data-end=\"2816\" \/><strong data-start=\"2816\" data-end=\"2825\">17\u201319<\/strong> Rantasauna<br data-start=\"2836\" data-end=\"2839\" \/><strong data-start=\"2839\" data-end=\"2849\">klo 19<\/strong> Juhlaillallinen ja konsertti \u2013 laulaja-lauluntekij\u00e4 Katri O<\/p>\n<h3 data-section-id=\"1jn7l9w\" data-start=\"2911\" data-end=\"2929\" style=\"text-align: left;\">Maanantai 6.4.<\/h3>\n<p data-start=\"2930\" data-end=\"3010\" style=\"text-align: left;\"><strong data-start=\"2930\" data-end=\"2943\">klo 10\u201311<\/strong> Brunssi<br data-start=\"2951\" data-end=\"2954\" \/><strong data-start=\"2954\" data-end=\"2967\">klo 11\u201312<\/strong> Teosten yhteinen katselmus ja kotiin l\u00e4ht\u00f6<\/p>\n<hr data-start=\"3012\" data-end=\"3015\" \/>\n<h2 data-section-id=\"xia7gf\" data-start=\"3017\" data-end=\"3025\" style=\"text-align: left;\">Hinta<\/h2>\n<p data-start=\"3027\" data-end=\"3086\" style=\"text-align: left;\"><strong data-start=\"3027\" data-end=\"3046\">1 hengen huone:<\/strong> 340 \u20ac<br data-start=\"3052\" data-end=\"3055\" \/><strong data-start=\"3055\" data-end=\"3074\">2 hengen huone:<\/strong> 300 \u20ac \/ hl\u00f6<\/p>\n<p data-start=\"3088\" data-end=\"3105\" style=\"text-align: left;\">Hinta sis\u00e4lt\u00e4\u00e4:<\/p>\n<ul data-start=\"3106\" data-end=\"3314\">\n<li data-section-id=\"k6868n\" data-start=\"3106\" data-end=\"3148\" style=\"text-align: left;\">\n<p data-start=\"3108\" data-end=\"3148\">kaikki kurssimateriaalit ja tarvikkeet<\/p>\n<\/li>\n<li data-section-id=\"1hjcj2u\" data-start=\"3149\" data-end=\"3185\" style=\"text-align: left;\">\n<p data-start=\"3151\" data-end=\"3185\">majoituksen Y\u00f6ven Ateljeekodissa<\/p>\n<\/li>\n<li data-section-id=\"3v6svq\" data-start=\"3186\" data-end=\"3236\" style=\"text-align: left;\">\n<p data-start=\"3188\" data-end=\"3236\">iltapalan, aamupalan, lounaan, iltap\u00e4iv\u00e4kahvin<\/p>\n<\/li>\n<li data-section-id=\"1x8mxvw\" data-start=\"3237\" data-end=\"3268\" style=\"text-align: left;\">\n<p data-start=\"3239\" data-end=\"3268\">juhlaillallisen ja brunssin<\/p>\n<\/li>\n<li data-section-id=\"1bj46w2\" data-start=\"3269\" data-end=\"3295\" style=\"text-align: left;\">\n<p data-start=\"3271\" data-end=\"3295\">rantasaunan lauantaina<\/p>\n<\/li>\n<li data-section-id=\"uom1tq\" data-start=\"3296\" data-end=\"3314\">\n<p data-start=\"3298\" data-end=\"3314\" style=\"text-align: left;\">Katrin konsertin<\/p>\n<\/li>\n<\/ul>\n<p>&nbsp;<\/p>\n<p>Lis\u00e4tiedot ja Ilmouttautumiset:<\/p>\n<p>Katja Antonoff<br \/>040 5784003<\/p>\n<p><span style=\"color: #000000;\"><strong><a href=\"mailto:ateljeekoti@katjaantonoff.net\" style=\"color: #000000;\">ateljeekoti@katjaantonoff.net<\/a><\/strong><\/span><\/p>\n<p>&nbsp;<\/p>\n<\/div>\n<\/div>\n<p>[\/et_pb_text][\/et_pb_column][\/et_pb_row][\/et_pb_section][et_pb_section fb_built=&#8221;1&#8243; disabled_on=&#8221;off|off|off&#8221; module_id=&#8221;ota yhteytt\u00e4&#8221; _builder_version=&#8221;4.16&#8243; background_color=&#8221;rgba(89,89,89,0)&#8221; use_background_color_gradient=&#8221;on&#8221; background_color_gradient_stops=&#8221;rgba(0,0,0,0) 0%|#212121 100%&#8221; background_color_gradient_start=&#8221;rgba(0,0,0,0)&#8221; background_color_gradient_end=&#8221;#212121&#8243; background_image=&#8221;https:\/\/katrioikarinen.com\/wp-content\/uploads\/2019\/09\/annie-spratt-thI_CZAB0MY-unsplash.jpg&#8221; background_blend=&#8221;overlay&#8221; custom_padding=&#8221;143px||101px|||&#8221; global_colors_info=&#8221;{}&#8221;][et_pb_row column_structure=&#8221;1_2,1_2&#8243; _builder_version=&#8221;4.16&#8243; custom_padding=&#8221;20px||33px|||&#8221; global_colors_info=&#8221;{}&#8221;][et_pb_column type=&#8221;1_2&#8243; _builder_version=&#8221;4.16&#8243; custom_padding=&#8221;|||&#8221; global_colors_info=&#8221;{}&#8221; custom_padding__hover=&#8221;|||&#8221;][et_pb_text _builder_version=&#8221;4.16&#8243; text_font=&#8221;||||||||&#8221; text_text_color=&#8221;#ffffff&#8221; text_font_size=&#8221;19px&#8221; header_font=&#8221;||||||||&#8221; header_text_align=&#8221;center&#8221; header_text_color=&#8221;rgba(255,255,255,0.78)&#8221; header_font_size=&#8221;55px&#8221; custom_padding=&#8221;1px|||||&#8221; text_text_shadow_style=&#8221;preset3&#8243; text_text_shadow_horizontal_length=&#8221;0.11em&#8221; text_text_shadow_vertical_length=&#8221;0.08em&#8221; text_text_shadow_blur_strength=&#8221;0.38em&#8221; text_text_shadow_color=&#8221;#3a3a3a&#8221; text_text_align=&#8221;left&#8221; global_colors_info=&#8221;{}&#8221;]<\/p>\n<p>Katri Oikarinen<br \/> <a href=\"mailto:info@katrioikarinen.com\">katrioikarinen@yahoo.com<\/a><br \/> <a href=\"tel:+358%407200343\">+358 40 7200343<\/a><\/p>\n<p>[\/et_pb_text][\/et_pb_column][et_pb_column type=&#8221;1_2&#8243; _builder_version=&#8221;4.16&#8243; global_colors_info=&#8221;{}&#8221;][\/et_pb_column][\/et_pb_row][et_pb_row _builder_version=&#8221;4.16&#8243; custom_padding=&#8221;1px||0px|||&#8221; global_colors_info=&#8221;{}&#8221;][et_pb_column type=&#8221;4_4&#8243; _builder_version=&#8221;4.16&#8243; custom_padding=&#8221;|||&#8221; global_colors_info=&#8221;{}&#8221; custom_padding__hover=&#8221;|||&#8221;][et_pb_divider color=&#8221;#ffffff&#8221; _builder_version=&#8221;4.16&#8243; global_colors_info=&#8221;{}&#8221;][\/et_pb_divider][\/et_pb_column][\/et_pb_row][et_pb_row _builder_version=&#8221;4.16&#8243; global_colors_info=&#8221;{}&#8221;][et_pb_column type=&#8221;4_4&#8243; _builder_version=&#8221;4.16&#8243; custom_padding=&#8221;|||&#8221; global_colors_info=&#8221;{}&#8221; custom_padding__hover=&#8221;|||&#8221;][et_pb_text _builder_version=&#8221;4.27.4&#8243; text_font=&#8221;|300|||||||&#8221; text_text_color=&#8221;#ffffff&#8221; header_font=&#8221;||||||||&#8221; header_text_align=&#8221;left&#8221; header_text_color=&#8221;#ffffff&#8221; text_orientation=&#8221;center&#8221; text_text_align=&#8221;center&#8221; global_colors_info=&#8221;{}&#8221;]<\/p>\n<h1><span>Kiinnostuitko?<\/span><\/h1>\n<h1><span>Ota yhteytt\u00e4, j\u00e4t\u00e4 Tilaus!<\/span><\/h1>\n<p>[\/et_pb_text][et_pb_text _builder_version=&#8221;4.27.4&#8243; text_font=&#8221;|300|||||||&#8221; text_text_color=&#8221;#ffffff&#8221; text_orientation=&#8221;center&#8221; text_text_align=&#8221;center&#8221; global_colors_info=&#8221;{}&#8221;]<\/p>\n<p style=\"text-align: left;\">Jos olet kiinnostunut kustomoidusta teoksesta, ota yhteytt\u00e4 ja kerro mink\u00e4laisia toiveita sinulla on mieless\u00e4?<\/p>\n<p>[\/et_pb_text][\/et_pb_column][\/et_pb_row][\/et_pb_section]<\/p>\n","protected":false},"excerpt":{"rendered":"<p>Art&amp;Design by Katri OikarinenTaideretriitti\u00a0Taideretriitti Y\u00f6veden AteljeekodissaP\u00e4\u00e4si\u00e4isen taideretriitti Y\u00f6ven Ateljeekodissa \u2013 Himalansaaressa 4-6.4.2026 &nbsp; Dioraama: oma mielenmaisema vanhan kirjan sis\u00e4\u00e4n Tule viett\u00e4m\u00e4\u00e4n inspiroiva ja lempe\u00e4 p\u00e4\u00e4si\u00e4isviikonloppu luovuuden \u00e4\u00e4rell\u00e4 Y\u00f6ven Ateljeekodissa https:\/\/yovedenateljeekoti.net\/ Himalansaaressa.Saaren rauha, kev\u00e4\u00e4n valo ja yhdess\u00e4 tekemisen ilo luovat tilan, jossa on lupa hidastaa, hengitt\u00e4\u00e4 ja uppoutua omaan mielikuvitukseen. Kurssilla valmistamme dioraaman \u2013 pienen kolmiulotteisen [&hellip;]<\/p>\n","protected":false},"author":3,"featured_media":0,"parent":0,"menu_order":0,"comment_status":"closed","ping_status":"closed","template":"","meta":{"_et_pb_use_builder":"on","_et_pb_old_content":"","_et_gb_content_width":"","_exactmetrics_skip_tracking":false,"_exactmetrics_sitenote_active":false,"_exactmetrics_sitenote_note":"","_exactmetrics_sitenote_category":0,"footnotes":""},"class_list":["post-59554","page","type-page","status-publish","hentry"],"_links":{"self":[{"href":"https:\/\/katrioikarinen.com\/en\/wp-json\/wp\/v2\/pages\/59554","targetHints":{"allow":["GET"]}}],"collection":[{"href":"https:\/\/katrioikarinen.com\/en\/wp-json\/wp\/v2\/pages"}],"about":[{"href":"https:\/\/katrioikarinen.com\/en\/wp-json\/wp\/v2\/types\/page"}],"author":[{"embeddable":true,"href":"https:\/\/katrioikarinen.com\/en\/wp-json\/wp\/v2\/users\/3"}],"replies":[{"embeddable":true,"href":"https:\/\/katrioikarinen.com\/en\/wp-json\/wp\/v2\/comments?post=59554"}],"version-history":[{"count":10,"href":"https:\/\/katrioikarinen.com\/en\/wp-json\/wp\/v2\/pages\/59554\/revisions"}],"predecessor-version":[{"id":59580,"href":"https:\/\/katrioikarinen.com\/en\/wp-json\/wp\/v2\/pages\/59554\/revisions\/59580"}],"wp:attachment":[{"href":"https:\/\/katrioikarinen.com\/en\/wp-json\/wp\/v2\/media?parent=59554"}],"curies":[{"name":"wp","href":"https:\/\/api.w.org\/{rel}","templated":true}]}}