{"id":53854,"date":"2020-04-05T21:23:38","date_gmt":"2020-04-05T18:23:38","guid":{"rendered":"https:\/\/katrioikarinen.com\/?post_type=product&#038;p=53854"},"modified":"2024-07-29T21:28:59","modified_gmt":"2024-07-29T18:28:59","slug":"hexigon","status":"publish","type":"product","link":"https:\/\/katrioikarinen.com\/en\/product\/hexigon\/","title":{"rendered":"Hexagon2"},"content":{"rendered":"<p>N\u00e4m\u00e4 korvakorut ovat tehty h\u00e4vitysuhan alla olleista vanhojen kirjojen kansista. Pinnan kuvio tulee suoraa kirjan kannesta. Jokainen korvakorupari on uniikki ja nimetty.\u00a0Korut ovat k\u00e4sitelty molemmin puolin liuotinvapaalla sprayll\u00e4 ja koukut ovat ihoyst\u00e4v\u00e4llist\u00e4 korumetallia.<br \/>\nKyll\u00e4, siis ihan itse olen n\u00e4m\u00e4 tehnyt. T\u00e4rke\u00e4\u00e4 on, ett\u00e4 muistat pit\u00e4\u00e4 viisauden n\u00e4iden kansien v\u00e4liss\u00e4.<\/p>\n<p>Korut ovat nimetty leikkis\u00e4sti ja jokaisen korun mukana tulee ajatelma tai loru, mik\u00e4 saa hymyn huulille tai ajatukset liikkeelle.<br \/>\nYll\u00e4t\u00e4 yst\u00e4v\u00e4si ihanalla kierr\u00e4tyskorulla ja hauskalla viestill\u00e4!<\/p>","protected":false},"excerpt":{"rendered":"<p>Voimia arkeen kuudesta eri kulmasta.<\/p>","protected":false},"featured_media":0,"comment_status":"closed","ping_status":"closed","template":"","meta":{"_et_pb_use_builder":"off","_et_pb_old_content":"N\u00e4m\u00e4 korvakorut ovat tehty h\u00e4vitysuhan alla olleista vanhojen kirjojen kansista. Pinnan kuvio tulee suoraa kirjan kannesta. Korut on k\u00e4sitelty molemmin puolin liuotin vapaalla sprayll\u00e4. Koukut ovat ihoyst\u00e4v\u00e4llist\u00e4 korumetallia.\r\nKyll\u00e4, siis ihan itse olen n\u00e4m\u00e4 tehnyt. T\u00e4rke\u00e4\u00e4 on, ett\u00e4 muistat pit\u00e4\u00e4 viisauden n\u00e4iden kansien v\u00e4liss\u00e4.\r\n\r\nKorut ovat nimetty leikkis\u00e4sti ja jokaisen korun mukana tulee ajatuksia her\u00e4tt\u00e4v\u00e4 ajatelma tai loru.\r\nYll\u00e4t\u00e4 yst\u00e4v\u00e4si ihanalla kierr\u00e4tyskorulla ja hauskalla viestill\u00e4.\r\nMik\u00e4li haluat voit keksi\u00e4 viestin sis\u00e4ll\u00f6n my\u00f6s itse ja se painetaan korun mukana tulevaan esitteeseen.\r\nToiveet t\u00e4nne: katrioikarinen@yahoo.com","_et_gb_content_width":"","_exactmetrics_skip_tracking":false,"_exactmetrics_sitenote_active":false,"_exactmetrics_sitenote_note":"","_exactmetrics_sitenote_category":0},"product_brand":[],"product_cat":[101],"product_tag":[],"class_list":{"0":"post-53854","1":"product","2":"type-product","3":"status-publish","5":"product_cat-ale-korvikset","6":"product_shipping_class-kirjakorvikset","8":"first","9":"instock","10":"taxable","11":"shipping-taxable","12":"purchasable","13":"product-type-simple"},"_links":{"self":[{"href":"https:\/\/katrioikarinen.com\/en\/wp-json\/wp\/v2\/product\/53854","targetHints":{"allow":["GET"]}}],"collection":[{"href":"https:\/\/katrioikarinen.com\/en\/wp-json\/wp\/v2\/product"}],"about":[{"href":"https:\/\/katrioikarinen.com\/en\/wp-json\/wp\/v2\/types\/product"}],"replies":[{"embeddable":true,"href":"https:\/\/katrioikarinen.com\/en\/wp-json\/wp\/v2\/comments?post=53854"}],"wp:attachment":[{"href":"https:\/\/katrioikarinen.com\/en\/wp-json\/wp\/v2\/media?parent=53854"}],"wp:term":[{"taxonomy":"product_brand","embeddable":true,"href":"https:\/\/katrioikarinen.com\/en\/wp-json\/wp\/v2\/product_brand?post=53854"},{"taxonomy":"product_cat","embeddable":true,"href":"https:\/\/katrioikarinen.com\/en\/wp-json\/wp\/v2\/product_cat?post=53854"},{"taxonomy":"product_tag","embeddable":true,"href":"https:\/\/katrioikarinen.com\/en\/wp-json\/wp\/v2\/product_tag?post=53854"}],"curies":[{"name":"wp","href":"https:\/\/api.w.org\/{rel}","templated":true}]}}