{"id":54261,"date":"2020-04-22T15:18:52","date_gmt":"2020-04-22T12:18:52","guid":{"rendered":"https:\/\/katrioikarinen.com\/?post_type=product&#038;p=54261"},"modified":"2026-03-01T15:19:08","modified_gmt":"2026-03-01T13:19:08","slug":"enkelin-ohje","status":"publish","type":"product","link":"https:\/\/katrioikarinen.com\/en\/product\/enkelin-ohje\/","title":{"rendered":"Enkelin ohje"},"content":{"rendered":"<p>Tee kaunis kirjaenkeli tai taittele samalla ohjeella kuusi. Anna yst\u00e4v\u00e4lle ekologinen itse tehty lahja.<\/p>","protected":false},"excerpt":{"rendered":"<p>PDF-tiedosti sis\u00e4lt\u00e4\u00e4 kuvalliset ohjeet kirjaenkelin ja -kuusen tekemiseen<\/p>","protected":false},"featured_media":54262,"comment_status":"closed","ping_status":"closed","template":"","meta":{"_et_pb_use_builder":"","_et_pb_old_content":"","_et_gb_content_width":"","_exactmetrics_skip_tracking":false,"_exactmetrics_sitenote_active":false,"_exactmetrics_sitenote_note":"","_exactmetrics_sitenote_category":0},"product_brand":[],"product_cat":[36],"product_tag":[],"class_list":{"0":"post-54261","1":"product","2":"type-product","3":"status-publish","4":"has-post-thumbnail","6":"product_cat-diy-tuotteet","8":"first","9":"instock","10":"downloadable","11":"virtual","12":"taxable","13":"purchasable","14":"product-type-simple"},"_links":{"self":[{"href":"https:\/\/katrioikarinen.com\/en\/wp-json\/wp\/v2\/product\/54261","targetHints":{"allow":["GET"]}}],"collection":[{"href":"https:\/\/katrioikarinen.com\/en\/wp-json\/wp\/v2\/product"}],"about":[{"href":"https:\/\/katrioikarinen.com\/en\/wp-json\/wp\/v2\/types\/product"}],"replies":[{"embeddable":true,"href":"https:\/\/katrioikarinen.com\/en\/wp-json\/wp\/v2\/comments?post=54261"}],"wp:featuredmedia":[{"embeddable":true,"href":"https:\/\/katrioikarinen.com\/en\/wp-json\/wp\/v2\/media\/54262"}],"wp:attachment":[{"href":"https:\/\/katrioikarinen.com\/en\/wp-json\/wp\/v2\/media?parent=54261"}],"wp:term":[{"taxonomy":"product_brand","embeddable":true,"href":"https:\/\/katrioikarinen.com\/en\/wp-json\/wp\/v2\/product_brand?post=54261"},{"taxonomy":"product_cat","embeddable":true,"href":"https:\/\/katrioikarinen.com\/en\/wp-json\/wp\/v2\/product_cat?post=54261"},{"taxonomy":"product_tag","embeddable":true,"href":"https:\/\/katrioikarinen.com\/en\/wp-json\/wp\/v2\/product_tag?post=54261"}],"curies":[{"name":"wp","href":"https:\/\/api.w.org\/{rel}","templated":true}]}}