{"id":54268,"date":"2020-04-22T15:41:56","date_gmt":"2020-04-22T12:41:56","guid":{"rendered":"https:\/\/katrioikarinen.com\/?post_type=product&#038;p=54268"},"modified":"2026-03-01T15:18:58","modified_gmt":"2026-03-01T13:18:58","slug":"siilin-ohje","status":"publish","type":"product","link":"https:\/\/katrioikarinen.com\/en\/product\/siilin-ohje\/","title":{"rendered":"Siilin ohje"},"content":{"rendered":"<p>Kirjasiili on suloinen ja helppo askarteluidea perheen pienimmille ja vanhimmille, jasen voi hyvin vied\u00e4 kivaksi tuliaiseksi. Siilin sel\u00e4ss\u00e4 s\u00e4ilyt\u00e4t esimerkiksi postikortteja.<\/p>","protected":false},"excerpt":{"rendered":"<p>PDF-tiedosto sis\u00e4lt\u00e4\u00e4 ohjeen kirjasiilin tekemiseeen.<\/p>","protected":false},"featured_media":54269,"comment_status":"closed","ping_status":"closed","template":"","meta":{"_et_pb_use_builder":"off","_et_pb_old_content":"PDF- tiedosto sis\u00e4lt\u00e4\u00e4 ohjeen kirjasiilin tekemiseen","_et_gb_content_width":"","_exactmetrics_skip_tracking":false,"_exactmetrics_sitenote_active":false,"_exactmetrics_sitenote_note":"","_exactmetrics_sitenote_category":0},"product_brand":[],"product_cat":[36],"product_tag":[],"class_list":{"0":"post-54268","1":"product","2":"type-product","3":"status-publish","4":"has-post-thumbnail","6":"product_cat-diy-tuotteet","8":"first","9":"instock","10":"downloadable","11":"virtual","12":"taxable","13":"purchasable","14":"product-type-simple"},"_links":{"self":[{"href":"https:\/\/katrioikarinen.com\/en\/wp-json\/wp\/v2\/product\/54268","targetHints":{"allow":["GET"]}}],"collection":[{"href":"https:\/\/katrioikarinen.com\/en\/wp-json\/wp\/v2\/product"}],"about":[{"href":"https:\/\/katrioikarinen.com\/en\/wp-json\/wp\/v2\/types\/product"}],"replies":[{"embeddable":true,"href":"https:\/\/katrioikarinen.com\/en\/wp-json\/wp\/v2\/comments?post=54268"}],"wp:featuredmedia":[{"embeddable":true,"href":"https:\/\/katrioikarinen.com\/en\/wp-json\/wp\/v2\/media\/54269"}],"wp:attachment":[{"href":"https:\/\/katrioikarinen.com\/en\/wp-json\/wp\/v2\/media?parent=54268"}],"wp:term":[{"taxonomy":"product_brand","embeddable":true,"href":"https:\/\/katrioikarinen.com\/en\/wp-json\/wp\/v2\/product_brand?post=54268"},{"taxonomy":"product_cat","embeddable":true,"href":"https:\/\/katrioikarinen.com\/en\/wp-json\/wp\/v2\/product_cat?post=54268"},{"taxonomy":"product_tag","embeddable":true,"href":"https:\/\/katrioikarinen.com\/en\/wp-json\/wp\/v2\/product_tag?post=54268"}],"curies":[{"name":"wp","href":"https:\/\/api.w.org\/{rel}","templated":true}]}}