{"id":54778,"date":"2020-09-28T21:01:07","date_gmt":"2020-09-28T18:01:07","guid":{"rendered":"https:\/\/katrioikarinen.com\/?post_type=product&#038;p=54778"},"modified":"2021-04-27T21:12:55","modified_gmt":"2021-04-27T18:12:55","slug":"the-basics-2","status":"publish","type":"product","link":"https:\/\/katrioikarinen.com\/en\/product\/the-basics-2\/","title":{"rendered":"The Basics"},"content":{"rendered":"<p>N\u00e4m\u00e4 korvakorut ovat tehty h\u00e4vitysuhan alla olleista vanhojen kirjojen kansista. Pinnan kuvio tulee suoraa kirjan kannesta. Jokainen korvakorupari on uniikki ja nimetty.\u00a0Korut ovat k\u00e4sitelty molemmin puolin liuotinvapaalla sprayll\u00e4 ja koukut ovat ihoyst\u00e4v\u00e4llist\u00e4 korumetallia.<br \/>\nKyll\u00e4, siis ihan itse olen n\u00e4m\u00e4 tehnyt. T\u00e4rke\u00e4\u00e4 on, ett\u00e4 muistat pit\u00e4\u00e4 viisauden n\u00e4iden kansien v\u00e4liss\u00e4.<\/p>\n<p>&nbsp;<\/p>\n<p>&nbsp;<\/p>\n<p>&nbsp;<\/p>","protected":false},"excerpt":{"rendered":"<p>ELLA -mallisto on muotokielelt\u00e4\u00e4n elegantti ja rohkea. Isot Ellat eiv\u00e4t pelk\u00e4\u00e4 n\u00e4ytt\u00e4\u00e4 rohkeuttaan mutta eiv\u00e4t j\u00e4\u00e4 pikku Ellatkaan kenenk\u00e4\u00e4n jalkoihin, sill\u00e4 rohkeus kumpuaa sis\u00e4lt\u00e4p\u00e4in! Voitetaan pelot ja parannetaan maailmaa pala kerrallaan!<\/p>\n<p>&nbsp;<\/p>\n<p>&nbsp;<\/p>\n<p>&nbsp;<\/p>","protected":false},"featured_media":0,"comment_status":"closed","ping_status":"closed","template":"","meta":{"_et_pb_use_builder":"","_et_pb_old_content":"","_et_gb_content_width":"","_exactmetrics_skip_tracking":false,"_exactmetrics_sitenote_active":false,"_exactmetrics_sitenote_note":"","_exactmetrics_sitenote_category":0},"product_brand":[],"product_cat":[21],"product_tag":[],"class_list":{"0":"post-54778","1":"product","2":"type-product","3":"status-publish","5":"product_cat-uncategorized","6":"product_shipping_class-kirjakorvikset","8":"first","9":"instock","10":"taxable","11":"shipping-taxable","12":"purchasable","13":"product-type-simple"},"_links":{"self":[{"href":"https:\/\/katrioikarinen.com\/en\/wp-json\/wp\/v2\/product\/54778","targetHints":{"allow":["GET"]}}],"collection":[{"href":"https:\/\/katrioikarinen.com\/en\/wp-json\/wp\/v2\/product"}],"about":[{"href":"https:\/\/katrioikarinen.com\/en\/wp-json\/wp\/v2\/types\/product"}],"replies":[{"embeddable":true,"href":"https:\/\/katrioikarinen.com\/en\/wp-json\/wp\/v2\/comments?post=54778"}],"wp:attachment":[{"href":"https:\/\/katrioikarinen.com\/en\/wp-json\/wp\/v2\/media?parent=54778"}],"wp:term":[{"taxonomy":"product_brand","embeddable":true,"href":"https:\/\/katrioikarinen.com\/en\/wp-json\/wp\/v2\/product_brand?post=54778"},{"taxonomy":"product_cat","embeddable":true,"href":"https:\/\/katrioikarinen.com\/en\/wp-json\/wp\/v2\/product_cat?post=54778"},{"taxonomy":"product_tag","embeddable":true,"href":"https:\/\/katrioikarinen.com\/en\/wp-json\/wp\/v2\/product_tag?post=54778"}],"curies":[{"name":"wp","href":"https:\/\/api.w.org\/{rel}","templated":true}]}}