{"id":55975,"date":"2021-10-12T15:44:58","date_gmt":"2021-10-12T12:44:58","guid":{"rendered":"https:\/\/katrioikarinen.com\/?post_type=product&#038;p=55975"},"modified":"2026-03-01T15:18:46","modified_gmt":"2026-03-01T13:18:46","slug":"kurpitsayovalaisin","status":"publish","type":"product","link":"https:\/\/katrioikarinen.com\/en\/product\/kurpitsayovalaisin\/","title":{"rendered":"Kurpitsay\u00f6valaisin"},"content":{"rendered":"<p>Kurpitsay\u00f6vaisin sopii mainiosti halloween koristeeksi. Se toimii kevyen\u00e4 y\u00f6vaisimena. Ohje on yksinkertainen ja helppo.<\/p>","protected":false},"excerpt":{"rendered":"<p>PDF tiedosto sis\u00e4lt\u00e4\u00e4 ohjeen ja tulostettavan kaavan kurpitsa valaisimen tekemiseen.<\/p>","protected":false},"featured_media":55977,"comment_status":"closed","ping_status":"closed","template":"","meta":{"_et_pb_use_builder":"","_et_pb_old_content":"","_et_gb_content_width":"","_exactmetrics_skip_tracking":false,"_exactmetrics_sitenote_active":false,"_exactmetrics_sitenote_note":"","_exactmetrics_sitenote_category":0},"product_brand":[],"product_cat":[36],"product_tag":[70,67,71,75,76,68,74,79,78,73,66,69,72,77,56],"class_list":{"0":"post-55975","1":"product","2":"type-product","3":"status-publish","4":"has-post-thumbnail","6":"product_cat-diy-tuotteet","7":"product_tag-askarteluidea","8":"product_tag-askarteluohje","9":"product_tag-askarteluohje-lapselle","10":"product_tag-diy","11":"product_tag-diy-kurpisa","12":"product_tag-halloween-askartelu","13":"product_tag-helppo-askarteluohje","14":"product_tag-kierratys-askartelu","15":"product_tag-kirja-askartelu","16":"product_tag-kurpitsa","17":"product_tag-kurpitsavalaisin","18":"product_tag-lasten-kanssa","19":"product_tag-ohjeita-askarteluun","20":"product_tag-paperiaskartelu","21":"product_tag-vanhat-kirjat","23":"first","24":"instock","25":"downloadable","26":"virtual","27":"taxable","28":"purchasable","29":"product-type-simple"},"_links":{"self":[{"href":"https:\/\/katrioikarinen.com\/en\/wp-json\/wp\/v2\/product\/55975","targetHints":{"allow":["GET"]}}],"collection":[{"href":"https:\/\/katrioikarinen.com\/en\/wp-json\/wp\/v2\/product"}],"about":[{"href":"https:\/\/katrioikarinen.com\/en\/wp-json\/wp\/v2\/types\/product"}],"replies":[{"embeddable":true,"href":"https:\/\/katrioikarinen.com\/en\/wp-json\/wp\/v2\/comments?post=55975"}],"wp:featuredmedia":[{"embeddable":true,"href":"https:\/\/katrioikarinen.com\/en\/wp-json\/wp\/v2\/media\/55977"}],"wp:attachment":[{"href":"https:\/\/katrioikarinen.com\/en\/wp-json\/wp\/v2\/media?parent=55975"}],"wp:term":[{"taxonomy":"product_brand","embeddable":true,"href":"https:\/\/katrioikarinen.com\/en\/wp-json\/wp\/v2\/product_brand?post=55975"},{"taxonomy":"product_cat","embeddable":true,"href":"https:\/\/katrioikarinen.com\/en\/wp-json\/wp\/v2\/product_cat?post=55975"},{"taxonomy":"product_tag","embeddable":true,"href":"https:\/\/katrioikarinen.com\/en\/wp-json\/wp\/v2\/product_tag?post=55975"}],"curies":[{"name":"wp","href":"https:\/\/api.w.org\/{rel}","templated":true}]}}