{"id":55978,"date":"2021-10-12T16:18:53","date_gmt":"2021-10-12T13:18:53","guid":{"rendered":"https:\/\/katrioikarinen.com\/?post_type=product&#038;p=55978"},"modified":"2022-09-01T20:17:48","modified_gmt":"2022-09-01T17:17:48","slug":"tarinallinen-kirjakranssi","status":"publish","type":"product","link":"https:\/\/katrioikarinen.com\/en\/product\/tarinallinen-kirjakranssi\/","title":{"rendered":"Tarinallinen Kirjakranssi"},"content":{"rendered":"<p>Tarinallinen sein\u00e4kranssi on herkk\u00e4 ja romanttinen sisustuselementti. Kranssin tekeminen ei ole erityisen vaikeaa, mutta paperisten ruusujen tekemiseen saa uppoamaan aikaa, mutta se on rauhoittavaa puuhaa varsinkin jos tykk\u00e4\u00e4t n\u00e4pert\u00e4\u00e4.<\/p>","protected":false},"excerpt":{"rendered":"<p>PDF tiedosto sis\u00e4lt\u00e4\u00e4 kirjallisen ohjeen ja tulostettavat perhoset<\/p>","protected":false},"featured_media":55979,"comment_status":"closed","ping_status":"closed","template":"","meta":{"_et_pb_use_builder":"","_et_pb_old_content":"","_et_gb_content_width":"","_exactmetrics_skip_tracking":false,"_exactmetrics_sitenote_active":false,"_exactmetrics_sitenote_note":"","_exactmetrics_sitenote_category":0},"product_brand":[],"product_cat":[36],"product_tag":[],"class_list":{"0":"post-55978","1":"product","2":"type-product","3":"status-publish","4":"has-post-thumbnail","6":"product_cat-diy-tuotteet","8":"first","9":"instock","10":"downloadable","11":"virtual","12":"taxable","13":"purchasable","14":"product-type-simple"},"_links":{"self":[{"href":"https:\/\/katrioikarinen.com\/en\/wp-json\/wp\/v2\/product\/55978","targetHints":{"allow":["GET"]}}],"collection":[{"href":"https:\/\/katrioikarinen.com\/en\/wp-json\/wp\/v2\/product"}],"about":[{"href":"https:\/\/katrioikarinen.com\/en\/wp-json\/wp\/v2\/types\/product"}],"replies":[{"embeddable":true,"href":"https:\/\/katrioikarinen.com\/en\/wp-json\/wp\/v2\/comments?post=55978"}],"wp:featuredmedia":[{"embeddable":true,"href":"https:\/\/katrioikarinen.com\/en\/wp-json\/wp\/v2\/media\/55979"}],"wp:attachment":[{"href":"https:\/\/katrioikarinen.com\/en\/wp-json\/wp\/v2\/media?parent=55978"}],"wp:term":[{"taxonomy":"product_brand","embeddable":true,"href":"https:\/\/katrioikarinen.com\/en\/wp-json\/wp\/v2\/product_brand?post=55978"},{"taxonomy":"product_cat","embeddable":true,"href":"https:\/\/katrioikarinen.com\/en\/wp-json\/wp\/v2\/product_cat?post=55978"},{"taxonomy":"product_tag","embeddable":true,"href":"https:\/\/katrioikarinen.com\/en\/wp-json\/wp\/v2\/product_tag?post=55978"}],"curies":[{"name":"wp","href":"https:\/\/api.w.org\/{rel}","templated":true}]}}