{"id":56488,"date":"2022-01-08T16:52:37","date_gmt":"2022-01-08T14:52:37","guid":{"rendered":"https:\/\/katrioikarinen.com\/?post_type=product&#038;p=56488"},"modified":"2024-07-29T21:20:01","modified_gmt":"2024-07-29T18:20:01","slug":"satumaiset21","status":"publish","type":"product","link":"https:\/\/katrioikarinen.com\/en\/product\/satumaiset21\/","title":{"rendered":"Gullan ensitanssiaiset"},"content":{"rendered":"<p>Satumaiset sarjan korvakorut ovat tehty vanhojen satu- ja nuorisokirjojen kansista. Korujen kuvituksissa esiintyy klassisia hahmoja. Korvakorut ovat uniikkeja ja kuten kaikki korvakorut ne ovat super kevyet!<\/p>\n<p>Korvakorut ovat tehty h\u00e4vitysuhan alla olleista vanhojen kirjojen kansista. Pinnan kuvio tulee suoraa kirjan kannesta. Jokainen korvakorupari on uniikki ja nimetty. Korut ovat k\u00e4sitelty molemmin puolin ja koukut ovat ihoyst\u00e4v\u00e4llist\u00e4 korumetallia.<br \/>\nKyll\u00e4, siis ihan itse olen n\u00e4m\u00e4 tehnyt. T\u00e4rke\u00e4\u00e4 on, ett\u00e4 muistat pit\u00e4\u00e4 viisauden n\u00e4iden kansien v\u00e4liss\u00e4.<\/p>","protected":false},"excerpt":{"rendered":"<p>Satumaiset sarjan korvakorut ovat tehty vanhojen satu- ja nuorisokirjojen kansista. Korujen kuvituksissa esiintyy klassisia hahmoja. Korvakorut ovat uniikkeja ja kuten kaikki korvakorut ne ovat super kevyet! Korvakorut ovat tehty h\u00e4vitysuhan alla olleista vanhojen kirjojen kansista. Pinnan kuvio tulee suoraa kirjan kannesta. Jokainen korvakorupari on uniikki ja nimetty. Korut ovat k\u00e4sitelty molemmin puolin ja koukut ovat [&hellip;]<\/p>\n","protected":false},"featured_media":0,"comment_status":"closed","ping_status":"closed","template":"","meta":{"_et_pb_use_builder":"","_et_pb_old_content":"","_et_gb_content_width":"","_exactmetrics_skip_tracking":false,"_exactmetrics_sitenote_active":false,"_exactmetrics_sitenote_note":"","_exactmetrics_sitenote_category":0},"product_brand":[],"product_cat":[89],"product_tag":[],"class_list":{"0":"post-56488","1":"product","2":"type-product","3":"status-publish","5":"product_cat-pallot","6":"product_shipping_class-kirjakorvikset","8":"first","9":"instock","10":"taxable","11":"shipping-taxable","12":"purchasable","13":"product-type-simple"},"_links":{"self":[{"href":"https:\/\/katrioikarinen.com\/en\/wp-json\/wp\/v2\/product\/56488","targetHints":{"allow":["GET"]}}],"collection":[{"href":"https:\/\/katrioikarinen.com\/en\/wp-json\/wp\/v2\/product"}],"about":[{"href":"https:\/\/katrioikarinen.com\/en\/wp-json\/wp\/v2\/types\/product"}],"replies":[{"embeddable":true,"href":"https:\/\/katrioikarinen.com\/en\/wp-json\/wp\/v2\/comments?post=56488"}],"wp:attachment":[{"href":"https:\/\/katrioikarinen.com\/en\/wp-json\/wp\/v2\/media?parent=56488"}],"wp:term":[{"taxonomy":"product_brand","embeddable":true,"href":"https:\/\/katrioikarinen.com\/en\/wp-json\/wp\/v2\/product_brand?post=56488"},{"taxonomy":"product_cat","embeddable":true,"href":"https:\/\/katrioikarinen.com\/en\/wp-json\/wp\/v2\/product_cat?post=56488"},{"taxonomy":"product_tag","embeddable":true,"href":"https:\/\/katrioikarinen.com\/en\/wp-json\/wp\/v2\/product_tag?post=56488"}],"curies":[{"name":"wp","href":"https:\/\/api.w.org\/{rel}","templated":true}]}}