{"id":57029,"date":"2022-09-01T20:55:15","date_gmt":"2022-09-01T17:55:15","guid":{"rendered":"https:\/\/katrioikarinen.com\/?post_type=product&#038;p=57029"},"modified":"2022-09-01T20:56:27","modified_gmt":"2022-09-01T17:56:27","slug":"japanintatar-huilu","status":"publish","type":"product","link":"https:\/\/katrioikarinen.com\/en\/product\/japanintatar-huilu\/","title":{"rendered":"Japanintatar huilu"},"content":{"rendered":"<p>Tietoa kasvista ja sen ker\u00e4\u00e4misest\u00e4<\/p>\n<p>Japanintatar on tatar-kasveihin kuuluva rikkakasvi. Se on bambumainen kasvi, mik\u00e4 kasvaa yhdess\u00e4 kes\u00e4ss\u00e4 yli kolmemetriseksi. Ymp\u00e4rysmittaa kasvilla on vajaa 50mm. Toisin kuin useammat tatar-kasveihin kuuluvat kasvit, Japanin tatar ei ole myrkyllinen.<\/p>\n<p>Voit bongata japanintatar kasveja tienvarsilla suurina p\u00f6heikk\u00f6in\u00e4. Kasvi kuivuu luonnossa itsest\u00e4\u00e4n ja sen voi k\u00e4yd\u00e4 sahaamassa loppusyksyst\u00e4 jolloin se on valmista k\u00e4ytett\u00e4v\u00e4ksi tai sitten voit ker\u00e4t\u00e4 tuoreita varsia ja kuivattaa ne itse.<\/p>","protected":false},"excerpt":{"rendered":"<p>PDF tiedosto sis\u00e4lt\u00e4\u00e4 kirjallisen ohjeen. Ker\u00e4\u00e4 itse kuivia Japanintatar oksia huilun tekoa varten.<\/p>","protected":false},"featured_media":57034,"comment_status":"closed","ping_status":"closed","template":"","meta":{"_et_pb_use_builder":"","_et_pb_old_content":"","_et_gb_content_width":"","_exactmetrics_skip_tracking":false,"_exactmetrics_sitenote_active":false,"_exactmetrics_sitenote_note":"","_exactmetrics_sitenote_category":0},"product_brand":[],"product_cat":[36],"product_tag":[],"class_list":{"0":"post-57029","1":"product","2":"type-product","3":"status-publish","4":"has-post-thumbnail","6":"product_cat-diy-tuotteet","8":"first","9":"instock","10":"downloadable","11":"taxable","12":"shipping-taxable","13":"purchasable","14":"product-type-simple"},"_links":{"self":[{"href":"https:\/\/katrioikarinen.com\/en\/wp-json\/wp\/v2\/product\/57029","targetHints":{"allow":["GET"]}}],"collection":[{"href":"https:\/\/katrioikarinen.com\/en\/wp-json\/wp\/v2\/product"}],"about":[{"href":"https:\/\/katrioikarinen.com\/en\/wp-json\/wp\/v2\/types\/product"}],"replies":[{"embeddable":true,"href":"https:\/\/katrioikarinen.com\/en\/wp-json\/wp\/v2\/comments?post=57029"}],"wp:featuredmedia":[{"embeddable":true,"href":"https:\/\/katrioikarinen.com\/en\/wp-json\/wp\/v2\/media\/57034"}],"wp:attachment":[{"href":"https:\/\/katrioikarinen.com\/en\/wp-json\/wp\/v2\/media?parent=57029"}],"wp:term":[{"taxonomy":"product_brand","embeddable":true,"href":"https:\/\/katrioikarinen.com\/en\/wp-json\/wp\/v2\/product_brand?post=57029"},{"taxonomy":"product_cat","embeddable":true,"href":"https:\/\/katrioikarinen.com\/en\/wp-json\/wp\/v2\/product_cat?post=57029"},{"taxonomy":"product_tag","embeddable":true,"href":"https:\/\/katrioikarinen.com\/en\/wp-json\/wp\/v2\/product_tag?post=57029"}],"curies":[{"name":"wp","href":"https:\/\/api.w.org\/{rel}","templated":true}]}}