{"id":57515,"date":"2023-04-11T16:08:55","date_gmt":"2023-04-11T13:08:55","guid":{"rendered":"https:\/\/katrioikarinen.com\/?post_type=product&#038;p=57515"},"modified":"2023-04-12T19:16:01","modified_gmt":"2023-04-12T16:16:01","slug":"katri-o-brave-new-world","status":"publish","type":"product","link":"https:\/\/katrioikarinen.com\/en\/product\/katri-o-brave-new-world\/","title":{"rendered":"Katri O &#8211; Brave New World CD-levy"},"content":{"rendered":"<p>Englannin-kielinen debyyttialbumi julkaistiin vuoden 2020 syksyll\u00e4, josta Riffi kirjoitti: \u201dBrave New World on tarkoin harkittu taideteos. Levy onkin kuin kirja, jota et malta laskea k\u00e4sist\u00e4si, koska se koukuttaa.\u201d Keikalla Katri O luo \u00e4\u00e4nimaailmoja kerros kerrokselta looper-pedaalin v\u00e4lityksell\u00e4. Lopputulos on hypnoottinen ja ainutlaatuinen hetkeen luotu teos.<\/p>","protected":false},"excerpt":{"rendered":"<p>Katri O:n debyyttialbumi. Julkaisuvuosi 2020. Sis\u00e4lt\u00e4\u00e4 11 biisi\u00e4<\/p>","protected":false},"featured_media":54836,"comment_status":"closed","ping_status":"closed","template":"","meta":{"_et_pb_use_builder":"","_et_pb_old_content":"","_et_gb_content_width":"","_exactmetrics_skip_tracking":false,"_exactmetrics_sitenote_active":false,"_exactmetrics_sitenote_note":"","_exactmetrics_sitenote_category":0},"product_brand":[],"product_cat":[44],"product_tag":[],"class_list":{"0":"post-57515","1":"product","2":"type-product","3":"status-publish","4":"has-post-thumbnail","6":"product_cat-albumi","8":"first","9":"instock","10":"taxable","11":"shipping-taxable","12":"purchasable","13":"product-type-simple"},"_links":{"self":[{"href":"https:\/\/katrioikarinen.com\/en\/wp-json\/wp\/v2\/product\/57515","targetHints":{"allow":["GET"]}}],"collection":[{"href":"https:\/\/katrioikarinen.com\/en\/wp-json\/wp\/v2\/product"}],"about":[{"href":"https:\/\/katrioikarinen.com\/en\/wp-json\/wp\/v2\/types\/product"}],"replies":[{"embeddable":true,"href":"https:\/\/katrioikarinen.com\/en\/wp-json\/wp\/v2\/comments?post=57515"}],"wp:featuredmedia":[{"embeddable":true,"href":"https:\/\/katrioikarinen.com\/en\/wp-json\/wp\/v2\/media\/54836"}],"wp:attachment":[{"href":"https:\/\/katrioikarinen.com\/en\/wp-json\/wp\/v2\/media?parent=57515"}],"wp:term":[{"taxonomy":"product_brand","embeddable":true,"href":"https:\/\/katrioikarinen.com\/en\/wp-json\/wp\/v2\/product_brand?post=57515"},{"taxonomy":"product_cat","embeddable":true,"href":"https:\/\/katrioikarinen.com\/en\/wp-json\/wp\/v2\/product_cat?post=57515"},{"taxonomy":"product_tag","embeddable":true,"href":"https:\/\/katrioikarinen.com\/en\/wp-json\/wp\/v2\/product_tag?post=57515"}],"curies":[{"name":"wp","href":"https:\/\/api.w.org\/{rel}","templated":true}]}}