{"id":57789,"date":"2023-10-19T18:55:21","date_gmt":"2023-10-19T15:55:21","guid":{"rendered":"https:\/\/katrioikarinen.com\/?post_type=product&#038;p=57789"},"modified":"2023-10-19T18:57:22","modified_gmt":"2023-10-19T15:57:22","slug":"rouviensalongeissa","status":"publish","type":"product","link":"https:\/\/katrioikarinen.com\/en\/product\/rouviensalongeissa\/","title":{"rendered":"Rouvien Salongeissa (40cmx50cm)"},"content":{"rendered":"<p>Kirjataulu on erityinen ja uniikki sisustuselementti, mik\u00e4 sis\u00e4lt\u00e4\u00e4 palan nostalgiaa ja hitusen leikkimielisyytt\u00e4. Kirjataulu on ekologisen ja kest\u00e4v\u00e4n ajattelutavan luomus. Se syntyi sattumalta niin kuin kaikki hyv\u00e4t ideat!<br \/>\nK\u00e4yt\u00e4n taiteen tekemiseen vain h\u00e4vitysuhan alla olevia kirjoja. Saan kirjoja lahjoituksina ja teen l\u00f6yt\u00f6j\u00e4 my\u00f6s kirpputoreilta, divareista ja kierr\u00e4tyskeskuksista.<\/p>","protected":false},"excerpt":{"rendered":"<p>Kirjataulu on erityinen ja uniikki sisustuselementti, mik\u00e4 sis\u00e4lt\u00e4\u00e4 palan nostalgiaa ja hitusen leikkimielisyytt\u00e4. Kirjataulu on ekologisen ja kest\u00e4v\u00e4n ajattelutavan luomus. Se syntyi sattumalta niin kuin kaikki hyv\u00e4t ideat! K\u00e4yt\u00e4n taiteen tekemiseen vain h\u00e4vitysuhan alla olevia kirjoja. Saan kirjoja lahjoituksina ja teen l\u00f6yt\u00f6j\u00e4 my\u00f6s kirpputoreilta, divareista ja kierr\u00e4tyskeskuksista.<\/p>","protected":false},"featured_media":57744,"comment_status":"closed","ping_status":"closed","template":"","meta":{"_et_pb_use_builder":"","_et_pb_old_content":"","_et_gb_content_width":"","_exactmetrics_skip_tracking":false,"_exactmetrics_sitenote_active":false,"_exactmetrics_sitenote_note":"","_exactmetrics_sitenote_category":0},"product_brand":[],"product_cat":[25],"product_tag":[],"class_list":{"0":"post-57789","1":"product","2":"type-product","3":"status-publish","4":"has-post-thumbnail","6":"product_cat-kirjataulut","8":"first","9":"instock","10":"taxable","11":"shipping-taxable","12":"purchasable","13":"product-type-simple"},"_links":{"self":[{"href":"https:\/\/katrioikarinen.com\/en\/wp-json\/wp\/v2\/product\/57789","targetHints":{"allow":["GET"]}}],"collection":[{"href":"https:\/\/katrioikarinen.com\/en\/wp-json\/wp\/v2\/product"}],"about":[{"href":"https:\/\/katrioikarinen.com\/en\/wp-json\/wp\/v2\/types\/product"}],"replies":[{"embeddable":true,"href":"https:\/\/katrioikarinen.com\/en\/wp-json\/wp\/v2\/comments?post=57789"}],"wp:featuredmedia":[{"embeddable":true,"href":"https:\/\/katrioikarinen.com\/en\/wp-json\/wp\/v2\/media\/57744"}],"wp:attachment":[{"href":"https:\/\/katrioikarinen.com\/en\/wp-json\/wp\/v2\/media?parent=57789"}],"wp:term":[{"taxonomy":"product_brand","embeddable":true,"href":"https:\/\/katrioikarinen.com\/en\/wp-json\/wp\/v2\/product_brand?post=57789"},{"taxonomy":"product_cat","embeddable":true,"href":"https:\/\/katrioikarinen.com\/en\/wp-json\/wp\/v2\/product_cat?post=57789"},{"taxonomy":"product_tag","embeddable":true,"href":"https:\/\/katrioikarinen.com\/en\/wp-json\/wp\/v2\/product_tag?post=57789"}],"curies":[{"name":"wp","href":"https:\/\/api.w.org\/{rel}","templated":true}]}}