{"id":58307,"date":"2024-07-29T20:30:37","date_gmt":"2024-07-29T17:30:37","guid":{"rendered":"https:\/\/katrioikarinen.com\/?post_type=product&#038;p=58307"},"modified":"2024-07-29T20:31:50","modified_gmt":"2024-07-29T17:31:50","slug":"linnunradan-uutuus17","status":"publish","type":"product","link":"https:\/\/katrioikarinen.com\/en\/product\/linnunradan-uutuus17\/","title":{"rendered":"Linnunradan uutuus"},"content":{"rendered":"<p>Korvakorut ovat tehty h\u00e4vitysuhan alla olleista vanhojen kirjojen kansista. Pinnan kuvio tulee suoraa kirjan kannesta. Jokainen korvakorupari on uniikki. Korut ovat k\u00e4sitelty molemmin puolin ja koukut ovat kirurginter\u00e4st\u00e4.<br \/>\nKyll\u00e4, siis ihan itse olen n\u00e4m\u00e4 tehnyt. T\u00e4rke\u00e4\u00e4 on, ett\u00e4 muistat pit\u00e4\u00e4 viisauden n\u00e4iden kansien v\u00e4liss\u00e4.<\/p>","protected":false},"excerpt":{"rendered":"<p>Kaksipuoleinen korvakoru. K\u00e4\u00e4nn\u00e4 halutessasi korvakorun toinen puoli k\u00e4ytt\u00f6\u00f6n!<\/p>","protected":false},"featured_media":58219,"comment_status":"closed","ping_status":"closed","template":"","meta":{"_et_pb_use_builder":"","_et_pb_old_content":"","_et_gb_content_width":"","_exactmetrics_skip_tracking":false,"_exactmetrics_sitenote_active":false,"_exactmetrics_sitenote_note":"","_exactmetrics_sitenote_category":0},"product_brand":[],"product_cat":[100],"product_tag":[],"class_list":{"0":"post-58307","1":"product","2":"type-product","3":"status-publish","4":"has-post-thumbnail","6":"product_cat-linnunradan-uutuudet","7":"product_shipping_class-kirjakorvikset","9":"first","10":"instock","11":"sold-individually","12":"taxable","13":"shipping-taxable","14":"purchasable","15":"product-type-simple"},"_links":{"self":[{"href":"https:\/\/katrioikarinen.com\/en\/wp-json\/wp\/v2\/product\/58307","targetHints":{"allow":["GET"]}}],"collection":[{"href":"https:\/\/katrioikarinen.com\/en\/wp-json\/wp\/v2\/product"}],"about":[{"href":"https:\/\/katrioikarinen.com\/en\/wp-json\/wp\/v2\/types\/product"}],"replies":[{"embeddable":true,"href":"https:\/\/katrioikarinen.com\/en\/wp-json\/wp\/v2\/comments?post=58307"}],"wp:featuredmedia":[{"embeddable":true,"href":"https:\/\/katrioikarinen.com\/en\/wp-json\/wp\/v2\/media\/58219"}],"wp:attachment":[{"href":"https:\/\/katrioikarinen.com\/en\/wp-json\/wp\/v2\/media?parent=58307"}],"wp:term":[{"taxonomy":"product_brand","embeddable":true,"href":"https:\/\/katrioikarinen.com\/en\/wp-json\/wp\/v2\/product_brand?post=58307"},{"taxonomy":"product_cat","embeddable":true,"href":"https:\/\/katrioikarinen.com\/en\/wp-json\/wp\/v2\/product_cat?post=58307"},{"taxonomy":"product_tag","embeddable":true,"href":"https:\/\/katrioikarinen.com\/en\/wp-json\/wp\/v2\/product_tag?post=58307"}],"curies":[{"name":"wp","href":"https:\/\/api.w.org\/{rel}","templated":true}]}}