{"id":58859,"date":"2025-05-06T18:14:27","date_gmt":"2025-05-06T15:14:27","guid":{"rendered":"https:\/\/katrioikarinen.com\/?post_type=product&#038;p=58859"},"modified":"2025-05-06T18:58:53","modified_gmt":"2025-05-06T15:58:53","slug":"mirri-sarjasta-toinen-luku-14","status":"publish","type":"product","link":"https:\/\/katrioikarinen.com\/en\/product\/mirri-sarjasta-toinen-luku-14\/","title":{"rendered":"Mirri -sarjasta Toinen luku"},"content":{"rendered":"<p>Jokainen Mirri on uniikki, vanhan kirjan kannesta syntynyt pieni taideteos, jossa tarinat jatkuvat uudessa muodossa. Pinta on lakattu, ja muut osat (mirrin keskiosa ja takapuoli) ovat nahkaa sek\u00e4 verhoilijankoristenauhaa \u2013 molemmat ylij\u00e4\u00e4m\u00e4materiaaleja.<\/p>\n<p>K\u00e4sity\u00f6n\u00e4 valmistetut rusetit kunnioittavat kest\u00e4v\u00e4\u00e4 kauneutta ja kirjallista perint\u00f6\u00e4 \u2013 ne ovat ele menneelle ja askel kohti eettisemp\u00e4\u00e4 pukeutumista. K\u00e4yt\u00e4 juhlassa tai arjessa merkkin\u00e4 siit\u00e4, ett\u00e4 arvostat tarinoita ja kest\u00e4v\u00e4\u00e4 kauneutta kierr\u00e4tyksen hengess\u00e4.<\/p>\n<p>Pid\u00e4 hyv\u00e4\u00e4 huolta, niin rusettisi kulkee mukanasi pitk\u00e4\u00e4n.<\/p>","protected":false},"excerpt":{"rendered":"<p>Uniikki asuste, joka yhdist\u00e4\u00e4 vanhan kirjallisuuden charmia ja ekologista muotoilua.<\/p>","protected":false},"featured_media":0,"comment_status":"closed","ping_status":"closed","template":"","meta":{"_et_pb_use_builder":"","_et_pb_old_content":"","_et_gb_content_width":"","_exactmetrics_skip_tracking":false,"_exactmetrics_sitenote_active":false,"_exactmetrics_sitenote_note":"","_exactmetrics_sitenote_category":0},"product_brand":[],"product_cat":[31],"product_tag":[],"class_list":{"0":"post-58859","1":"product","2":"type-product","3":"status-publish","5":"product_cat-mirrit","6":"product_shipping_class-rusetit","8":"first","9":"instock","10":"sold-individually","11":"purchasable","12":"product-type-simple"},"_links":{"self":[{"href":"https:\/\/katrioikarinen.com\/en\/wp-json\/wp\/v2\/product\/58859","targetHints":{"allow":["GET"]}}],"collection":[{"href":"https:\/\/katrioikarinen.com\/en\/wp-json\/wp\/v2\/product"}],"about":[{"href":"https:\/\/katrioikarinen.com\/en\/wp-json\/wp\/v2\/types\/product"}],"replies":[{"embeddable":true,"href":"https:\/\/katrioikarinen.com\/en\/wp-json\/wp\/v2\/comments?post=58859"}],"wp:attachment":[{"href":"https:\/\/katrioikarinen.com\/en\/wp-json\/wp\/v2\/media?parent=58859"}],"wp:term":[{"taxonomy":"product_brand","embeddable":true,"href":"https:\/\/katrioikarinen.com\/en\/wp-json\/wp\/v2\/product_brand?post=58859"},{"taxonomy":"product_cat","embeddable":true,"href":"https:\/\/katrioikarinen.com\/en\/wp-json\/wp\/v2\/product_cat?post=58859"},{"taxonomy":"product_tag","embeddable":true,"href":"https:\/\/katrioikarinen.com\/en\/wp-json\/wp\/v2\/product_tag?post=58859"}],"curies":[{"name":"wp","href":"https:\/\/api.w.org\/{rel}","templated":true}]}}