{"id":59335,"date":"2025-10-31T09:48:02","date_gmt":"2025-10-31T07:48:02","guid":{"rendered":"https:\/\/katrioikarinen.com\/?post_type=product&#038;p=59335"},"modified":"2026-04-06T12:53:30","modified_gmt":"2026-04-06T09:53:30","slug":"dioraamakurssi-su-24-5","status":"publish","type":"product","link":"https:\/\/katrioikarinen.com\/en\/product\/dioraamakurssi-su-24-5\/","title":{"rendered":"Dioraamakurssi Su 24.5. 2026"},"content":{"rendered":"<p>Kun varausmaksu on suoritettu saat s-postiisi varausvahvistuksen ja kurssi-infon PDF tiedostona. Lataa Info hyviss\u00e4 ajoin ennen kurssin alkua!<\/p>","protected":false},"excerpt":{"rendered":"<p>Varaa paikkasi kurssilta maksamalla varausmaksu. Maksa loppuosa 69\u20ac paikan p\u00e4\u00e4ll\u00e4 k\u00e4teisell\u00e4 tai kortilla.<br \/>\nHUOM! Lataa ja lue kurssi info hyviss\u00e4 ajoin ennen kurssin alkua!<\/p>","protected":false},"featured_media":59330,"comment_status":"closed","ping_status":"closed","template":"","meta":{"_et_pb_use_builder":"","_et_pb_old_content":"","_et_gb_content_width":"","_exactmetrics_skip_tracking":false,"_exactmetrics_sitenote_active":false,"_exactmetrics_sitenote_note":"","_exactmetrics_sitenote_category":0},"product_brand":[],"product_cat":[103],"product_tag":[],"class_list":{"0":"post-59335","1":"product","2":"type-product","3":"status-publish","4":"has-post-thumbnail","6":"product_cat-dioraamakurssi","8":"first","9":"instock","10":"downloadable","11":"virtual","12":"purchasable","13":"product-type-simple"},"_links":{"self":[{"href":"https:\/\/katrioikarinen.com\/en\/wp-json\/wp\/v2\/product\/59335","targetHints":{"allow":["GET"]}}],"collection":[{"href":"https:\/\/katrioikarinen.com\/en\/wp-json\/wp\/v2\/product"}],"about":[{"href":"https:\/\/katrioikarinen.com\/en\/wp-json\/wp\/v2\/types\/product"}],"replies":[{"embeddable":true,"href":"https:\/\/katrioikarinen.com\/en\/wp-json\/wp\/v2\/comments?post=59335"}],"wp:featuredmedia":[{"embeddable":true,"href":"https:\/\/katrioikarinen.com\/en\/wp-json\/wp\/v2\/media\/59330"}],"wp:attachment":[{"href":"https:\/\/katrioikarinen.com\/en\/wp-json\/wp\/v2\/media?parent=59335"}],"wp:term":[{"taxonomy":"product_brand","embeddable":true,"href":"https:\/\/katrioikarinen.com\/en\/wp-json\/wp\/v2\/product_brand?post=59335"},{"taxonomy":"product_cat","embeddable":true,"href":"https:\/\/katrioikarinen.com\/en\/wp-json\/wp\/v2\/product_cat?post=59335"},{"taxonomy":"product_tag","embeddable":true,"href":"https:\/\/katrioikarinen.com\/en\/wp-json\/wp\/v2\/product_tag?post=59335"}],"curies":[{"name":"wp","href":"https:\/\/api.w.org\/{rel}","templated":true}]}}