{"id":54341,"date":"2020-05-06T16:21:07","date_gmt":"2020-05-06T13:21:07","guid":{"rendered":"https:\/\/katrioikarinen.com\/?page_id=54341"},"modified":"2020-05-11T11:43:14","modified_gmt":"2020-05-11T08:43:14","slug":"maksuehdot","status":"publish","type":"page","link":"https:\/\/katrioikarinen.com\/fi\/maksuehdot\/","title":{"rendered":"Maksuehdot"},"content":{"rendered":"<p>[et_pb_section fb_built=&#8221;1&#8243; admin_label=&#8221;section&#8221; _builder_version=&#8221;4.0.9&#8243; background_color=&#8221;#ffffff&#8221;][et_pb_row admin_label=&#8221;row&#8221; _builder_version=&#8221;3.25&#8243; background_size=&#8221;initial&#8221; background_position=&#8221;top_left&#8221; background_repeat=&#8221;repeat&#8221;][et_pb_column type=&#8221;4_4&#8243; _builder_version=&#8221;3.25&#8243; custom_padding=&#8221;|||&#8221; custom_padding__hover=&#8221;|||&#8221;][et_pb_text admin_label=&#8221;Text&#8221; _builder_version=&#8221;4.0.9&#8243; background_size=&#8221;initial&#8221; background_position=&#8221;top_left&#8221; background_repeat=&#8221;repeat&#8221; hover_enabled=&#8221;0&#8243;]<\/p>\n<h1 class=\"lead\">Maksuehdot<\/h1>\n<p class=\"lead\">\n<p class=\"lead\">Checkout on sinulle turvallinen maksutapa. Meill\u00e4 on Finanssivalvonnan my\u00f6nt\u00e4m\u00e4 maksulaitostoimilupa. Palvelu on Checkout Finland Oy:n (y-tunnus 2196606-6) yll\u00e4pit\u00e4m\u00e4 ja Checkout Finland Oy on osa OP Ryhm\u00e4\u00e4.<\/p>\n<p>Checkout-maksunv\u00e4lityspalvelu v\u00e4litt\u00e4\u00e4 maksusi kauppiaalle. Mik\u00e4li tiliotteellasi tai luottokorttilaskullasi n\u00e4kyy Checkout Finland Oy, olemme v\u00e4litt\u00e4neet maksusi.<\/p>\n<p>Verkkokauppa toimii tuotteiden ja palveluiden markkinoijana sek\u00e4 tuotteiden toimittajana asiakkaalle. Verkkokauppa huolehtii kauppaan liittyvist\u00e4 lakis\u00e4\u00e4teisist\u00e4 sek\u00e4 itse m\u00e4\u00e4rittelemist\u00e4\u00e4n muista velvoitteista. Mik\u00e4li haluat reklamoida tai palauttaa tuotteen, sinun kannattaa olla yhteydess\u00e4 suoraan verkkokauppaan, josta tuote on tilattu.<\/p>\n<h2>Pankkimaksut<\/h2>\n<p>K\u00e4yt\u00f6ss\u00e4si on kaikkien suomalaisten pankkien maksupainikkeet. Voit maksaa Aktian, Danske Bankin, Handelsbankenin, Nordean, Oma S\u00e4\u00e4st\u00f6pankin, Osuuspankin, POP-pankin, S\u00e4\u00e4st\u00f6pankin, S-pankin ja \u00c5landsbankenin maksupainikkeilla. Tiliotteellasi maksunsaajana n\u00e4kyy Checkout Finland Oy, me v\u00e4lit\u00e4mme maksusi verkkokauppiaalle. Verkkokaupasta sinut ohjataan suoraan omaan pankkiisi suorittamaan maksu turvallisesti.<\/p>\n<p>Maksutoimeksiantopalvelua k\u00e4ytt\u00e4ess\u00e4si sinua sitoo seuraavat ehdot:\u00a0<span style=\"color: #e09900;\"><a href=\"https:\/\/cdn2.hubspot.net\/hubfs\/2610868\/checkout\/ehdot-ja-sopimukset\/Checkout-maksutoimeksiantopalvelun-ehdot.pdf\" rel=\" noopener\" style=\"color: #e09900;\">Maksutoimeksiantopalvelun ehdot.\u00a0<\/a><a href=\"https:\/\/cdn2.hubspot.net\/hubfs\/2610868\/checkout\/ehdot-ja-sopimukset\/Checkout-maksutoimeksiantopalvelun-ehdot-en_gb.pdf\" rel=\" noopener\" style=\"color: #e09900;\">(english)<\/a><\/span><\/p>\n<h2>Luottokorttimaksut<\/h2>\n<p>Voit maksaa verkkokaupassa Visa-, Visa Debit-, Visa Electron-, MasterCard-, Debit MasterCard &#8211; ja American Express -korteilla. Verkkokaupassa ovat k\u00e4yt\u00f6ss\u00e4 kansainv\u00e4liset Verified by Visa -, MasterCard SecureCode &#8211; ja American Express SafeKey -todentamispalvelut. Checkout n\u00e4kyy maksun saajana korttilaskulla ja v\u00e4litt\u00e4\u00e4 asiakkaan maksaman maksukorttimaksun suoraan kauppiaalle. Korttimaksaminen tapahtuu turvallisesti suojatulla maksulomakkeella eik\u00e4 maksukortin tietoja tallenneta verkkokaupan j\u00e4rjestelmiin.<\/p>\n<h2>Mobiilimaksutavat<\/h2>\n<p>Mobiilimaksutavat Pivo, MobilePay ja Siirto ovat sovelluksessa toimivia palveluita, joilla voi maksaa verkko-ostoksia tilisiirtona tililt\u00e4\u00e4n tai korttimaksuna kortiltaan hyv\u00e4ksym\u00e4ll\u00e4 maksun kyseisess\u00e4 sovelluksessa. Pivolla onnistuvat lis\u00e4ksi Siirto-maksut, jolloin maksun voi hyv\u00e4ksy\u00e4 miss\u00e4 tahansa Siirtoa tukevassa sovelluksessa.<\/p>\n<dl class=\"labeled-list\">\n<dt>Pivo<\/dt>\n<dd>\n<p>K\u00e4ytt\u00f6ehdot ovat tarjolla Pivon sivuilla.<\/p>\n<p class=\"feature-link -blank\"><span style=\"color: #e09900;\"><a href=\"https:\/\/pivo.fi\/kayttoehdot\/pivon-kayttoehdot\" target=\"_blank\" rel=\"noopener noreferrer\" style=\"color: #e09900;\">Pivon k\u00e4ytt\u00f6ehdot<\/a><\/span><\/p>\n<\/dd>\n<dt>MobilePay<\/dt>\n<dd>\n<p>Maksuehdot ovat tarjolla MobilePayn sivuilla.<\/p>\n<p class=\"feature-link -blank\"><span style=\"color: #e09900;\"><a href=\"https:\/\/mobilepay.fi\/asiakastuki\/ehdot\" target=\"_blank\" rel=\"noopener noreferrer\" style=\"color: #e09900;\">MobilePayn maksuehdot<\/a><\/span><\/p>\n<\/dd>\n<dt>\u00a0Siirto<\/dt>\n<dd>\n<p>Siirto-maksuihin sovellettavat ehdot:<\/p>\n<p class=\"feature-link -blank\"><span style=\"color: #e09900;\"><a href=\"https:\/\/uusi.op.fi\/tac?did=Hemak0000002717&amp;cs=7f653641d3fb31069e9e2eb71e9f141460575b214e26ed07a802a3c54e87b77a\" target=\"_blank\" rel=\"noopener noreferrer\" style=\"color: #e09900;\">OP:n yleiset euromaksuehdot<\/a><\/span><\/p>\n<p class=\"feature-link -blank\"><span style=\"color: #e09900;\"><a href=\"https:\/\/www.nordea.fi\/Images\/146-173247\/siirto-ehdot-fi.pdf\" target=\"_blank\" rel=\"noopener noreferrer\" style=\"color: #e09900;\">Siirto-palvelun k\u00e4ytt\u00f6ehdot Nordealla [PDF]<\/a><\/span><\/p>\n<\/dd>\n<\/dl>\n<h2>Lasku- ja osamaksupalvelut<\/h2>\n<p>Lasku- ja osamaksupalveluita Checkoutin kautta tarjoavat OP, Collector, Jousto ja AfterPay. Collector tarjoaa lasku- ja osamaksuvaihtoehdon my\u00f6s yritysasiakkaille.<\/p>\n<p>Luethan viel\u00e4 rahoitusyhti\u00f6kohtaiset tarkemmat ehdot, jotka n\u00e4et hyv\u00e4ksyess\u00e4si maksun. Kun hyv\u00e4ksyt maksun, hyv\u00e4ksyt samalla rahoitusyhti\u00f6n ehdot.<\/p>\n<dl class=\"labeled-list\">\n<dt>Collector<\/dt>\n<dd>\n<p class=\"feature-link -blank\"><span style=\"color: #e09900;\"><a href=\"https:\/\/www.collector.se\/upload\/Partners\/Agreements\/CHECK\/Credit_terms_All_comp_FI.pdf\" target=\"_blank\" rel=\"noopener noreferrer\" style=\"color: #e09900;\">Collectorin yrityslaskun ehdot [PDF]<\/a><\/span><\/p>\n<p class=\"feature-link -blank\"><span style=\"color: #e09900;\"><a href=\"https:\/\/info.checkout.fi\/hubfs\/checkout\/ehdot-ja-sopimukset\/collector_agreement_1909.pdf\" target=\"_blank\" rel=\"noopener noreferrer\" style=\"color: #e09900;\">Collector-tuoteseloste [PDF]<\/a><\/span><\/p>\n<p class=\"feature-link -blank\">Lue lis\u00e4\u00e4:\u00a0<span style=\"color: #e09900;\"><a href=\"https:\/\/www.collector.fi\/\" target=\"_blank\" rel=\"noopener noreferrer\" style=\"color: #e09900;\">Collector.fi<\/a><\/span><\/p>\n<\/dd>\n<dt>Jousto<\/dt>\n<dd>\n<p class=\"feature-link -blank\"><span style=\"color: #e09900;\"><a href=\"https:\/\/info.checkout.fi\/hubfs\/checkout\/ehdot-ja-sopimukset\/jousto_tuoteseloste_suomi_2019.pdf\" target=\"_blank\" rel=\"noopener noreferrer\" style=\"color: #e09900;\">Jousto-tuoteseloste [PDF]<\/a><\/span><\/p>\n<p class=\"feature-link -blank\">Lue lis\u00e4\u00e4:\u00a0<span style=\"color: #e09900;\"><a href=\"https:\/\/jousto.com\/\" target=\"_blank\" rel=\"noopener noreferrer\" style=\"color: #e09900;\">Jousto.com<\/a><\/span><\/p>\n<\/dd>\n<dt>OP Osta laskulla<\/dt>\n<dd>\n<p class=\"feature-link -blank\"><span style=\"color: #e09900;\"><a href=\"https:\/\/info.checkout.fi\/hubfs\/checkout\/ehdot-ja-sopimukset\/op-lasku-ehdot.pdf\" target=\"_blank\" rel=\"noopener noreferrer\" style=\"color: #e09900;\">OP:n lasku- ja osamaksutavan kuluttajaehdot [PDF]<\/a><\/span><\/p>\n<p class=\"feature-link\"><span style=\"color: #e09900;\"><a href=\"https:\/\/www.checkout.fi\/ehdot-ja-sopimukset\/maksuehdot\/op-osta-laskulla\" rel=\" noopener\" style=\"color: #e09900;\">OP Osta laskulla -tuoteseloste<\/a><\/span><\/p>\n<\/dd>\n<dt>AfterPay<\/dt>\n<dd>\n<p class=\"feature-link -blank\">Lue lis\u00e4\u00e4:<span style=\"color: #e09900;\">\u00a0<a href=\"https:\/\/www.afterpay.fi\/\" target=\"_blank\" rel=\"noopener noreferrer\" style=\"color: #e09900;\">AfterPay.fi<\/a><\/span><\/p>\n<\/dd>\n<dt><\/dt>\n<dd>\n<p class=\"feature-link -blank\">\n<\/dd>\n<\/dl>\n<p>[\/et_pb_text][\/et_pb_column][\/et_pb_row][\/et_pb_section]<\/p>\n","protected":false},"excerpt":{"rendered":"<p>Maksuehdot Checkout on sinulle turvallinen maksutapa. Meill\u00e4 on Finanssivalvonnan my\u00f6nt\u00e4m\u00e4 maksulaitostoimilupa. Palvelu on Checkout Finland Oy:n (y-tunnus 2196606-6) yll\u00e4pit\u00e4m\u00e4 ja Checkout Finland Oy on osa OP Ryhm\u00e4\u00e4. Checkout-maksunv\u00e4lityspalvelu v\u00e4litt\u00e4\u00e4 maksusi kauppiaalle. Mik\u00e4li tiliotteellasi tai luottokorttilaskullasi n\u00e4kyy Checkout Finland Oy, olemme v\u00e4litt\u00e4neet maksusi. Verkkokauppa toimii tuotteiden ja palveluiden markkinoijana sek\u00e4 tuotteiden toimittajana asiakkaalle. Verkkokauppa huolehtii kauppaan [&hellip;]<\/p>\n","protected":false},"author":3,"featured_media":0,"parent":0,"menu_order":0,"comment_status":"closed","ping_status":"closed","template":"","meta":{"_et_pb_use_builder":"on","_et_pb_old_content":"","_et_gb_content_width":"","_exactmetrics_skip_tracking":false,"_exactmetrics_sitenote_active":false,"_exactmetrics_sitenote_note":"","_exactmetrics_sitenote_category":0,"footnotes":""},"class_list":["post-54341","page","type-page","status-publish","hentry"],"_links":{"self":[{"href":"https:\/\/katrioikarinen.com\/fi\/wp-json\/wp\/v2\/pages\/54341","targetHints":{"allow":["GET"]}}],"collection":[{"href":"https:\/\/katrioikarinen.com\/fi\/wp-json\/wp\/v2\/pages"}],"about":[{"href":"https:\/\/katrioikarinen.com\/fi\/wp-json\/wp\/v2\/types\/page"}],"author":[{"embeddable":true,"href":"https:\/\/katrioikarinen.com\/fi\/wp-json\/wp\/v2\/users\/3"}],"replies":[{"embeddable":true,"href":"https:\/\/katrioikarinen.com\/fi\/wp-json\/wp\/v2\/comments?post=54341"}],"version-history":[{"count":22,"href":"https:\/\/katrioikarinen.com\/fi\/wp-json\/wp\/v2\/pages\/54341\/revisions"}],"predecessor-version":[{"id":54410,"href":"https:\/\/katrioikarinen.com\/fi\/wp-json\/wp\/v2\/pages\/54341\/revisions\/54410"}],"wp:attachment":[{"href":"https:\/\/katrioikarinen.com\/fi\/wp-json\/wp\/v2\/media?parent=54341"}],"curies":[{"name":"wp","href":"https:\/\/api.w.org\/{rel}","templated":true}]}}