{"id":58993,"date":"2025-09-19T16:10:54","date_gmt":"2025-09-19T13:10:54","guid":{"rendered":"https:\/\/katrioikarinen.com\/?page_id=58993"},"modified":"2025-10-15T21:59:46","modified_gmt":"2025-10-15T18:59:46","slug":"dioraamat","status":"publish","type":"page","link":"https:\/\/katrioikarinen.com\/fi\/dioraamat\/","title":{"rendered":"Dioraamat"},"content":{"rendered":"<p>[et_pb_section fb_built=&#8221;1&#8243; _builder_version=&#8221;4.27.4&#8243; _module_preset=&#8221;default&#8221; background_image=&#8221;https:\/\/katrioikarinen.com\/wp-content\/uploads\/2025\/10\/tausta.jpg&#8221; custom_padding=&#8221;76px|0px|6px|0px||&#8221; global_colors_info=&#8221;{}&#8221;][et_pb_row column_structure=&#8221;1_2,1_2&#8243; _builder_version=&#8221;4.27.4&#8243; _module_preset=&#8221;default&#8221; width=&#8221;85.3%&#8221; custom_margin=&#8221;-35px|auto||auto||&#8221; custom_padding=&#8221;12px|0px|12px|0px||&#8221; global_colors_info=&#8221;{}&#8221;][et_pb_column type=&#8221;1_2&#8243; _builder_version=&#8221;4.27.4&#8243; _module_preset=&#8221;default&#8221; global_colors_info=&#8221;{}&#8221;][et_pb_text _builder_version=&#8221;4.27.4&#8243; header_2_font=&#8221;Josefin Sans||||||||&#8221; header_2_text_color=&#8221;rgba(255,255,255,0.5)&#8221; header_2_font_size=&#8221;38px&#8221; text_orientation=&#8221;center&#8221; width=&#8221;100%&#8221; custom_margin=&#8221;2px|20px|-8px|1px|false|false&#8221; custom_padding=&#8221;73px|20px||20px|false|true&#8221; custom_padding_tablet=&#8221;&#8221; custom_padding_phone=&#8221;73px|4px||2px|false|false&#8221; custom_padding_last_edited=&#8221;on|phone&#8221; hover_enabled=&#8221;0&#8243; header_font_size_tablet=&#8221;&#8221; header_font_size_phone=&#8221;52px&#8221; header_font_size_last_edited=&#8221;on|phone&#8221; global_colors_info=&#8221;{}&#8221; text_text_shadow_style=&#8221;preset5&#8243; text_text_shadow_blur_strength=&#8221;0.85em&#8221; text_text_shadow_color=&#8221;#000000&#8243; sticky_enabled=&#8221;0&#8243;]<\/p>\n<h2>Art&amp;Design by<br \/>Katri Oikarinen<\/h2>\n<p>[\/et_pb_text][et_pb_text admin_label=&#8221;Wallon Werhoomo&#8221; _builder_version=&#8221;4.27.4&#8243; text_font=&#8221;||||||||&#8221; header_font=&#8221;Oswald||||||||&#8221; header_text_align=&#8221;center&#8221; header_text_color=&#8221;rgba(255,255,255,0.5)&#8221; header_font_size=&#8221;100px&#8221; min_height=&#8221;69px&#8221; custom_margin=&#8221;||234px|1px||&#8221; custom_padding=&#8221;1px|0px||3px||&#8221; hover_enabled=&#8221;0&#8243; header_font_size_tablet=&#8221;&#8221; header_font_size_phone=&#8221;66px&#8221; header_font_size_last_edited=&#8221;on|phone&#8221; global_colors_info=&#8221;{}&#8221; sticky_enabled=&#8221;0&#8243; text_text_shadow_style=&#8221;preset5&#8243; text_text_shadow_blur_strength=&#8221;0.7em&#8221;]<\/p>\n<h1>Dioraamat<\/h1>\n<p>[\/et_pb_text][\/et_pb_column][et_pb_column type=&#8221;1_2&#8243; _builder_version=&#8221;4.27.4&#8243; _module_preset=&#8221;default&#8221; global_colors_info=&#8221;{}&#8221;][\/et_pb_column][\/et_pb_row][\/et_pb_section][et_pb_section fb_built=&#8221;1&#8243; _builder_version=&#8221;4.27.4&#8243; background_image=&#8221;https:\/\/katrioikarinen.com\/wp-content\/uploads\/2019\/09\/chris-lawton-9T346Ij4kGk-unsplash.jpg&#8221; parallax=&#8221;on&#8221; background_video_webm=&#8221;https:\/\/katrioikarinen.com\/wp-content\/uploads\/2025\/09\/IMG_3735.mp4&#8243; custom_padding=&#8221;0px||0px|||&#8221; global_colors_info=&#8221;{}&#8221;][et_pb_row column_structure=&#8221;2_5,3_5&#8243; _builder_version=&#8221;4.27.4&#8243; use_background_color_gradient=&#8221;on&#8221; background_color_gradient_direction=&#8221;111deg&#8221; background_color_gradient_stops=&#8221;rgba(0,0,0,0) 24%|rgba(33,33,33,0.71) 79%&#8221; background_color_gradient_start=&#8221;rgba(0,0,0,0)&#8221; background_color_gradient_start_position=&#8221;24%&#8221; background_color_gradient_end=&#8221;rgba(33,33,33,0.71)&#8221; background_color_gradient_end_position=&#8221;79%&#8221; width=&#8221;84.9%&#8221; max_width=&#8221;2560px&#8221; custom_margin=&#8221;|111px||11px||&#8221; custom_padding=&#8221;9px|1px|7px|16px||&#8221; hover_enabled=&#8221;0&#8243; global_colors_info=&#8221;{}&#8221; sticky_enabled=&#8221;0&#8243;][et_pb_column type=&#8221;2_5&#8243; _builder_version=&#8221;4.16&#8243; use_background_color_gradient=&#8221;on&#8221; background_color_gradient_direction=&#8221;284deg&#8221; background_color_gradient_stops=&#8221;rgba(0,0,0,0) 0%|rgba(38,42,43,0.63) 59%&#8221; background_color_gradient_start=&#8221;rgba(0,0,0,0)&#8221; background_color_gradient_end=&#8221;rgba(38,42,43,0.63)&#8221; background_color_gradient_end_position=&#8221;59%&#8221; custom_padding=&#8221;|||&#8221; global_colors_info=&#8221;{}&#8221; custom_padding__hover=&#8221;|||&#8221;][et_pb_text _builder_version=&#8221;4.16&#8243; text_font=&#8221;|300|||||||&#8221; text_text_color=&#8221;#ffffff&#8221; header_font=&#8221;Oswald||||||||&#8221; header_text_color=&#8221;#ffffff&#8221; text_orientation=&#8221;center&#8221; custom_margin=&#8221;26.7%|10%|10px|10%|false|false&#8221; header_text_shadow_style=&#8221;preset1&#8243; header_text_shadow_blur_strength=&#8221;0.25em&#8221; text_text_align=&#8221;center&#8221; global_colors_info=&#8221;{}&#8221;]<\/p>\n<h1><span>Erityinen lahja itselle tai yst\u00e4v\u00e4lle.<\/span><\/h1>\n<p>[\/et_pb_text][et_pb_text _builder_version=&#8221;4.27.4&#8243; text_font=&#8221;|300|||||||&#8221; text_text_color=&#8221;#ffffff&#8221; text_orientation=&#8221;center&#8221; custom_margin=&#8221;|10%|10px|10%||&#8221; custom_padding=&#8221;||0px|||&#8221; text_text_shadow_style=&#8221;preset3&#8243; text_text_shadow_color=&#8221;rgba(0,0,0,0.58)&#8221; text_text_align=&#8221;center&#8221; global_colors_info=&#8221;{}&#8221;]<\/p>\n<p><strong data-start=\"30\" data-end=\"42\">Dioraama<\/strong> on kolmiulotteinen pienoismaailma tai asetelma, joka kuvaa maisemaa tai tilaa ja kutsuu katsojan astumaan sen sis\u00e4\u00e4n, her\u00e4tt\u00e4en mielikuvituksen jatkamaan sen tarinaa.<\/p>\n<p>Teet\u00e4 kustomoitu dioraama lahjaksi tai itselle toiveidesi mukaan.\u00a0<\/p>\n<p>K\u00e4yt\u00e4n taiteen tekemiseen vain h\u00e4vitysuhan alla olevia kirjoja. Saan kirjoja lahjoituksina ja teen l\u00f6yt\u00f6j\u00e4 my\u00f6s kirpputoreilta, divareista ja kierr\u00e4tyskeskuksesta.<\/p>\n<p>&nbsp;<\/p>\n<p>[\/et_pb_text][et_pb_social_media_follow _builder_version=&#8221;4.27.4&#8243; text_orientation=&#8221;center&#8221; min_height=&#8221;65px&#8221; custom_margin=&#8221;5px|10%|-2px|10%|false|false&#8221; custom_padding=&#8221;0px||||false|false&#8221; global_module=&#8221;52649&#8243; saved_tabs=&#8221;all&#8221; global_colors_info=&#8221;{}&#8221;][et_pb_social_media_follow_network social_network=&#8221;facebook&#8221; url=&#8221;https:\/\/www.facebook.com\/kirjataide\/&#8221; _builder_version=&#8221;4.16&#8243; background_color=&#8221;#D6C6A4&#8243; background_enable_color=&#8221;on&#8221; global_colors_info=&#8221;{}&#8221; follow_button=&#8221;off&#8221; url_new_window=&#8221;on&#8221;]facebook[\/et_pb_social_media_follow_network][et_pb_social_media_follow_network social_network=&#8221;instagram&#8221; url=&#8221;https:\/\/www.instagram.com\/katri_oikarinen&#8221; _builder_version=&#8221;4.16&#8243; background_color=&#8221;#D6C6A4&#8243; background_enable_color=&#8221;on&#8221; global_colors_info=&#8221;{}&#8221; follow_button=&#8221;off&#8221; url_new_window=&#8221;on&#8221;]instagram[\/et_pb_social_media_follow_network][et_pb_social_media_follow_network social_network=&#8221;youtube&#8221; url=&#8221;https:\/\/www.youtube.com\/channel\/UCoGc9y358-fkjanjWfQRgQw&#8221; _builder_version=&#8221;4.16&#8243; background_color=&#8221;#D6C6A4&#8243; background_enable_color=&#8221;on&#8221; global_colors_info=&#8221;{}&#8221; follow_button=&#8221;off&#8221; url_new_window=&#8221;on&#8221;]youtube[\/et_pb_social_media_follow_network][\/et_pb_social_media_follow][\/et_pb_column][et_pb_column type=&#8221;3_5&#8243; _builder_version=&#8221;4.16&#8243; custom_padding=&#8221;|||&#8221; hover_enabled=&#8221;0&#8243; global_colors_info=&#8221;{}&#8221; custom_padding__hover=&#8221;|||&#8221; sticky_enabled=&#8221;0&#8243;][et_pb_button button_url=&#8221;https:\/\/katrioikarinen.com\/yhteystiedot\/&#8221; button_text=&#8221;Tilaa kustomoitu dioraama&#8221; _builder_version=&#8221;4.27.4&#8243; _module_preset=&#8221;default&#8221; custom_margin=&#8221;29px||4px|1px|false|false&#8221; global_colors_info=&#8221;{}&#8221;][\/et_pb_button][et_pb_button button_url=&#8221;https:\/\/katrioikarinen.com\/kauppa\/&#8221; button_text=&#8221;Osallistu dioraamakurssille&#8221; _builder_version=&#8221;4.27.4&#8243; _module_preset=&#8221;default&#8221; custom_margin=&#8221;46px|||1px|false|false&#8221; global_colors_info=&#8221;{}&#8221;][\/et_pb_button][\/et_pb_column][\/et_pb_row][\/et_pb_section][et_pb_section fb_built=&#8221;1&#8243; module_id=&#8221;kuvagalleria&#8221; _builder_version=&#8221;4.16&#8243; background_color=&#8221;#f4f4f4&#8243; custom_padding=&#8221;0px||21px|||&#8221; global_colors_info=&#8221;{}&#8221;][et_pb_row use_custom_gutter=&#8221;on&#8221; gutter_width=&#8221;1&#8243; _builder_version=&#8221;4.16&#8243; width=&#8221;93%&#8221; max_width=&#8221;1461px&#8221; custom_margin=&#8221;11px|auto||auto||&#8221; custom_padding=&#8221;39px||62px|||&#8221; global_colors_info=&#8221;{}&#8221;][et_pb_column type=&#8221;4_4&#8243; _builder_version=&#8221;4.16&#8243; custom_padding=&#8221;|||&#8221; global_colors_info=&#8221;{}&#8221; custom_padding__hover=&#8221;|||&#8221;][et_pb_text _builder_version=&#8221;4.27.4&#8243; text_font=&#8221;||||||||&#8221; header_font=&#8221;Oswald||||||||&#8221; header_text_align=&#8221;center&#8221; header_text_color=&#8221;rgba(52,51,53,0.75)&#8221; header_font_size=&#8221;55px&#8221; custom_padding=&#8221;||5px|||&#8221; global_colors_info=&#8221;{}&#8221;]<\/p>\n<h1>Dioraama Galleria<\/h1>\n<p>[\/et_pb_text][et_pb_gallery gallery_ids=&#8221;59000,59001,59002,59003,59004,59005,59006,59007,59008,59009,59010,59011&#8243; posts_number=&#8221;12&#8243; show_title_and_caption=&#8221;off&#8221; hover_overlay_color=&#8221;rgba(0,0,0,0.3)&#8221; hover_icon=&#8221;&#xe0a4;||divi||400&#8243; _builder_version=&#8221;4.27.4&#8243; border_width_all_image=&#8221;2px&#8221; border_color_all_image=&#8221;#ffffff&#8221; global_colors_info=&#8221;{}&#8221;][\/et_pb_gallery][\/et_pb_column][\/et_pb_row][\/et_pb_section][et_pb_section fb_built=&#8221;1&#8243; module_id=&#8221;kuvagalleria&#8221; _builder_version=&#8221;4.16&#8243; background_color=&#8221;#ffffff&#8221; custom_padding=&#8221;0px||21px|||&#8221; global_colors_info=&#8221;{}&#8221;][et_pb_row column_structure=&#8221;1_2,1_2&#8243; use_custom_gutter=&#8221;on&#8221; gutter_width=&#8221;1&#8243; _builder_version=&#8221;4.16&#8243; width=&#8221;93%&#8221; max_width=&#8221;1461px&#8221; custom_margin=&#8221;-9px|auto||auto||&#8221; custom_padding=&#8221;82px|||||&#8221; global_colors_info=&#8221;{}&#8221;][et_pb_column type=&#8221;1_2&#8243; _builder_version=&#8221;4.16&#8243; custom_padding=&#8221;|||&#8221; global_colors_info=&#8221;{}&#8221; custom_padding__hover=&#8221;|||&#8221;][et_pb_image src=&#8221;https:\/\/katrioikarinen.com\/wp-content\/uploads\/2025\/09\/dioraama13.jpg&#8221; title_text=&#8221;dioraama13&#8243; _builder_version=&#8221;4.27.4&#8243; width=&#8221;58%&#8221; module_alignment=&#8221;center&#8221; box_shadow_style=&#8221;preset1&#8243; global_colors_info=&#8221;{}&#8221;][\/et_pb_image][\/et_pb_column][et_pb_column type=&#8221;1_2&#8243; _builder_version=&#8221;4.16&#8243; custom_padding=&#8221;|||&#8221; global_colors_info=&#8221;{}&#8221; custom_padding__hover=&#8221;|||&#8221;][et_pb_text _builder_version=&#8221;4.16&#8243; text_font=&#8221;||||||||&#8221; header_font=&#8221;Oswald||||||||&#8221; header_text_align=&#8221;center&#8221; header_text_color=&#8221;rgba(52,51,53,0.75)&#8221; header_font_size=&#8221;45px&#8221; custom_padding=&#8221;42px||34px|||&#8221; global_colors_info=&#8221;{}&#8221;]<\/p>\n<h1>Custom made<\/h1>\n<p>[\/et_pb_text][et_pb_text _builder_version=&#8221;4.27.4&#8243; text_font=&#8221;|300|||||||&#8221; text_text_color=&#8221;rgba(33,33,33,0.71)&#8221; text_orientation=&#8221;center&#8221; custom_margin=&#8221;|10%|10px|10%||&#8221; custom_padding=&#8221;||0px|||&#8221; text_text_align=&#8221;center&#8221; global_colors_info=&#8221;{}&#8221;]<\/p>\n<p>Custom made dioraama on erityisesti sinun toiveidesi mukaan suunniteltu teos.\u00a0<\/p>\n<p>Voit\u00a0 tehd\u00e4 toiveita kirjojen sis\u00e4ll\u00f6n ja teeman mukaan.<\/p>\n<p>Galleriassa on kuvia erilaisista dioraamoista, mist\u00e4 saat vinkkej\u00e4 tilausty\u00f6h\u00f6si.<\/p>\n<p>Ota yhteytt\u00e4 ja kysy lis\u00e4\u00e4!<\/p>\n<p>[\/et_pb_text][\/et_pb_column][\/et_pb_row][\/et_pb_section][et_pb_section fb_built=&#8221;1&#8243; module_id=&#8221;kuvagalleria&#8221; _builder_version=&#8221;4.16&#8243; background_color=&#8221;#f4f4f4&#8243; custom_padding=&#8221;0px||21px|||&#8221; global_colors_info=&#8221;{}&#8221;][\/et_pb_section][et_pb_section fb_built=&#8221;1&#8243; disabled_on=&#8221;off|off|off&#8221; module_id=&#8221;ota yhteytt\u00e4&#8221; _builder_version=&#8221;4.16&#8243; background_color=&#8221;rgba(89,89,89,0)&#8221; use_background_color_gradient=&#8221;on&#8221; background_color_gradient_stops=&#8221;rgba(0,0,0,0) 0%|#212121 100%&#8221; background_color_gradient_start=&#8221;rgba(0,0,0,0)&#8221; background_color_gradient_end=&#8221;#212121&#8243; background_image=&#8221;https:\/\/katrioikarinen.com\/wp-content\/uploads\/2019\/09\/annie-spratt-thI_CZAB0MY-unsplash.jpg&#8221; background_blend=&#8221;overlay&#8221; custom_padding=&#8221;143px||101px|||&#8221; global_colors_info=&#8221;{}&#8221;][et_pb_row column_structure=&#8221;1_2,1_2&#8243; _builder_version=&#8221;4.16&#8243; custom_padding=&#8221;20px||33px|||&#8221; global_colors_info=&#8221;{}&#8221;][et_pb_column type=&#8221;1_2&#8243; _builder_version=&#8221;4.16&#8243; custom_padding=&#8221;|||&#8221; global_colors_info=&#8221;{}&#8221; custom_padding__hover=&#8221;|||&#8221;][et_pb_text _builder_version=&#8221;4.16&#8243; text_font=&#8221;||||||||&#8221; text_text_color=&#8221;#ffffff&#8221; text_font_size=&#8221;19px&#8221; header_font=&#8221;||||||||&#8221; header_text_align=&#8221;center&#8221; header_text_color=&#8221;rgba(255,255,255,0.78)&#8221; header_font_size=&#8221;55px&#8221; custom_padding=&#8221;1px|||||&#8221; text_text_shadow_style=&#8221;preset3&#8243; text_text_shadow_horizontal_length=&#8221;0.11em&#8221; text_text_shadow_vertical_length=&#8221;0.08em&#8221; text_text_shadow_blur_strength=&#8221;0.38em&#8221; text_text_shadow_color=&#8221;#3a3a3a&#8221; text_text_align=&#8221;left&#8221; global_colors_info=&#8221;{}&#8221;]<\/p>\n<p>Katri Oikarinen<br \/> <a href=\"mailto:info@katrioikarinen.com\">katrioikarinen@yahoo.com<\/a><br \/> <a href=\"tel:+358%407200343\">+358 40 7200343<\/a><\/p>\n<p>[\/et_pb_text][\/et_pb_column][et_pb_column type=&#8221;1_2&#8243; _builder_version=&#8221;4.16&#8243; global_colors_info=&#8221;{}&#8221;][\/et_pb_column][\/et_pb_row][et_pb_row _builder_version=&#8221;4.16&#8243; custom_padding=&#8221;1px||0px|||&#8221; global_colors_info=&#8221;{}&#8221;][et_pb_column type=&#8221;4_4&#8243; _builder_version=&#8221;4.16&#8243; custom_padding=&#8221;|||&#8221; global_colors_info=&#8221;{}&#8221; custom_padding__hover=&#8221;|||&#8221;][et_pb_divider color=&#8221;#ffffff&#8221; _builder_version=&#8221;4.16&#8243; global_colors_info=&#8221;{}&#8221;][\/et_pb_divider][\/et_pb_column][\/et_pb_row][et_pb_row _builder_version=&#8221;4.16&#8243; global_colors_info=&#8221;{}&#8221;][et_pb_column type=&#8221;4_4&#8243; _builder_version=&#8221;4.16&#8243; custom_padding=&#8221;|||&#8221; global_colors_info=&#8221;{}&#8221; custom_padding__hover=&#8221;|||&#8221;][et_pb_text _builder_version=&#8221;4.27.4&#8243; text_font=&#8221;|300|||||||&#8221; text_text_color=&#8221;#ffffff&#8221; header_font=&#8221;||||||||&#8221; header_text_align=&#8221;left&#8221; header_text_color=&#8221;#ffffff&#8221; text_orientation=&#8221;center&#8221; text_text_align=&#8221;center&#8221; global_colors_info=&#8221;{}&#8221;]<\/p>\n<h1><span>Kiinnostuitko?<\/span><\/h1>\n<h1><span>Ota yhteytt\u00e4, j\u00e4t\u00e4 Tilaus!<\/span><\/h1>\n<p>[\/et_pb_text][et_pb_text _builder_version=&#8221;4.27.4&#8243; text_font=&#8221;|300|||||||&#8221; text_text_color=&#8221;#ffffff&#8221; text_orientation=&#8221;center&#8221; text_text_align=&#8221;center&#8221; global_colors_info=&#8221;{}&#8221;]<\/p>\n<p style=\"text-align: left;\">Jos olet kiinnostunut kustomoidusta teoksesta, ota yhteytt\u00e4 ja kerro mink\u00e4laisia toiveita sinulla on mieless\u00e4?<\/p>\n<p>[\/et_pb_text][\/et_pb_column][\/et_pb_row][\/et_pb_section]<\/p>\n","protected":false},"excerpt":{"rendered":"<p>Art&amp;Design byKatri OikarinenDioraamatErityinen lahja itselle tai yst\u00e4v\u00e4lle.Dioraama on kolmiulotteinen pienoismaailma tai asetelma, joka kuvaa maisemaa tai tilaa ja kutsuu katsojan astumaan sen sis\u00e4\u00e4n, her\u00e4tt\u00e4en mielikuvituksen jatkamaan sen tarinaa. Teet\u00e4 kustomoitu dioraama lahjaksi tai itselle toiveidesi mukaan.\u00a0 K\u00e4yt\u00e4n taiteen tekemiseen vain h\u00e4vitysuhan alla olevia kirjoja. Saan kirjoja lahjoituksina ja teen l\u00f6yt\u00f6j\u00e4 my\u00f6s kirpputoreilta, divareista ja kierr\u00e4tyskeskuksesta. [&hellip;]<\/p>\n","protected":false},"author":3,"featured_media":0,"parent":0,"menu_order":0,"comment_status":"closed","ping_status":"closed","template":"","meta":{"_et_pb_use_builder":"on","_et_pb_old_content":"","_et_gb_content_width":"","_exactmetrics_skip_tracking":false,"_exactmetrics_sitenote_active":false,"_exactmetrics_sitenote_note":"","_exactmetrics_sitenote_category":0,"footnotes":""},"class_list":["post-58993","page","type-page","status-publish","hentry"],"_links":{"self":[{"href":"https:\/\/katrioikarinen.com\/fi\/wp-json\/wp\/v2\/pages\/58993","targetHints":{"allow":["GET"]}}],"collection":[{"href":"https:\/\/katrioikarinen.com\/fi\/wp-json\/wp\/v2\/pages"}],"about":[{"href":"https:\/\/katrioikarinen.com\/fi\/wp-json\/wp\/v2\/types\/page"}],"author":[{"embeddable":true,"href":"https:\/\/katrioikarinen.com\/fi\/wp-json\/wp\/v2\/users\/3"}],"replies":[{"embeddable":true,"href":"https:\/\/katrioikarinen.com\/fi\/wp-json\/wp\/v2\/comments?post=58993"}],"version-history":[{"count":37,"href":"https:\/\/katrioikarinen.com\/fi\/wp-json\/wp\/v2\/pages\/58993\/revisions"}],"predecessor-version":[{"id":59308,"href":"https:\/\/katrioikarinen.com\/fi\/wp-json\/wp\/v2\/pages\/58993\/revisions\/59308"}],"wp:attachment":[{"href":"https:\/\/katrioikarinen.com\/fi\/wp-json\/wp\/v2\/media?parent=58993"}],"curies":[{"name":"wp","href":"https:\/\/api.w.org\/{rel}","templated":true}]}}