{"id":55398,"date":"2021-02-27T21:04:41","date_gmt":"2021-02-27T19:04:41","guid":{"rendered":"https:\/\/katrioikarinen.com\/?post_type=product&#038;p=55398"},"modified":"2022-09-01T21:05:11","modified_gmt":"2022-09-01T18:05:11","slug":"kirjataulukurssi-private","status":"publish","type":"product","link":"https:\/\/katrioikarinen.com\/fi\/product\/kirjataulukurssi-private\/","title":{"rendered":"Private kurssi"},"content":{"rendered":"<p>Koronarajoitusten kiristyess\u00e4 j\u00e4rjest\u00e4n kursseja my\u00f6s kahdelle hengelle. Voit ilmoittaa yst\u00e4v\u00e4si ja itsesi kurssille maksamalla varausmaksun (65\u20ac\/osallistuja), mink\u00e4 j\u00e4lkeen saat s-postiisi kurssi-infon PDF tiedostona. Loppuosa (70\u20ac\/osallistuja) maksetaan paikan p\u00e4\u00e4ll\u00e4, k\u00e4teisell\u00e4 tai kortilla.<\/p>\n<p>Kurssin hinta 135\u20ac sis\u00e4lt\u00e4\u00e4 kaikki materiaalit: m\u00e4\u00e4r\u00e4mittaan tehdyt kehykset, kirjat, opetuksen ja lounaan.<\/p>\n<p>Kirjoita lis\u00e4tiedot kentt\u00e4\u00e4n p\u00e4iv\u00e4m\u00e4\u00e4r\u00e4ehdotus ja aika milloin haluaisitte tulla kurssille. Saat vahvistusviestin vuorokauden sis\u00e4ll\u00e4 varauksesta.<\/p>\n<p>&nbsp;<\/p>\n","protected":false},"excerpt":{"rendered":"<p>Ilmoittaudu kurssille maksamalla varausmaksu 50\u20ac\/osallistuja. Mik\u00e4li haluat ilmoittaa my\u00f6s yst\u00e4v\u00e4si, valitse ostoskoriin 2 kurssia. Maksaessasi kirjoita viestikentt\u00e4\u00e4n p\u00e4iv\u00e4m\u00e4\u00e4r\u00e4ehdotus. Saat vuorokauden sis\u00e4ll\u00e4 vahvistusviestin s\u00e4hk\u00f6postiisi.<\/p>\n","protected":false},"featured_media":0,"comment_status":"closed","ping_status":"closed","template":"","meta":{"_et_pb_use_builder":"","_et_pb_old_content":"","_et_gb_content_width":"","_exactmetrics_skip_tracking":false,"_exactmetrics_sitenote_active":false,"_exactmetrics_sitenote_note":"","_exactmetrics_sitenote_category":0},"product_brand":[],"product_cat":[21],"product_tag":[],"class_list":{"0":"post-55398","1":"product","2":"type-product","3":"status-publish","5":"product_cat-uncategorized","7":"first","8":"instock","9":"downloadable","10":"virtual","11":"taxable","12":"purchasable","13":"product-type-simple"},"_links":{"self":[{"href":"https:\/\/katrioikarinen.com\/fi\/wp-json\/wp\/v2\/product\/55398","targetHints":{"allow":["GET"]}}],"collection":[{"href":"https:\/\/katrioikarinen.com\/fi\/wp-json\/wp\/v2\/product"}],"about":[{"href":"https:\/\/katrioikarinen.com\/fi\/wp-json\/wp\/v2\/types\/product"}],"replies":[{"embeddable":true,"href":"https:\/\/katrioikarinen.com\/fi\/wp-json\/wp\/v2\/comments?post=55398"}],"wp:attachment":[{"href":"https:\/\/katrioikarinen.com\/fi\/wp-json\/wp\/v2\/media?parent=55398"}],"wp:term":[{"taxonomy":"product_brand","embeddable":true,"href":"https:\/\/katrioikarinen.com\/fi\/wp-json\/wp\/v2\/product_brand?post=55398"},{"taxonomy":"product_cat","embeddable":true,"href":"https:\/\/katrioikarinen.com\/fi\/wp-json\/wp\/v2\/product_cat?post=55398"},{"taxonomy":"product_tag","embeddable":true,"href":"https:\/\/katrioikarinen.com\/fi\/wp-json\/wp\/v2\/product_tag?post=55398"}],"curies":[{"name":"wp","href":"https:\/\/api.w.org\/{rel}","templated":true}]}}