{"id":56447,"date":"2022-01-08T13:25:58","date_gmt":"2022-01-08T11:25:58","guid":{"rendered":"https:\/\/katrioikarinen.com\/?post_type=product&#038;p=56447"},"modified":"2022-01-08T13:26:42","modified_gmt":"2022-01-08T11:26:42","slug":"kolme-palloa-12","status":"publish","type":"product","link":"https:\/\/katrioikarinen.com\/fi\/product\/kolme-palloa-12\/","title":{"rendered":"Kolme palloa"},"content":{"rendered":"<p>N\u00e4m\u00e4 korvakorut ovat tehty h\u00e4vitysuhan alla olleista vanhojen kirjojen kansista. Pinnan kuvio tulee suoraa kirjan kannesta. Jokainen korvakorupari on uniikki ja nimetty.\u00a0Korut ovat k\u00e4sitelty molemmin puolin liuotinvapaalla sprayll\u00e4 ja koukut ovat ihoyst\u00e4v\u00e4llist\u00e4 korumetallia.<br \/>\nKyll\u00e4, siis ihan itse olen n\u00e4m\u00e4 tehnyt. T\u00e4rke\u00e4\u00e4 on, ett\u00e4 muistat pit\u00e4\u00e4 viisauden n\u00e4iden kansien v\u00e4liss\u00e4.<\/p>\n","protected":false},"excerpt":{"rendered":"<p>Pallot hallussa!<\/p>\n","protected":false},"featured_media":0,"comment_status":"closed","ping_status":"closed","template":"","meta":{"_et_pb_use_builder":"","_et_pb_old_content":"","_et_gb_content_width":"","_exactmetrics_skip_tracking":false,"_exactmetrics_sitenote_active":false,"_exactmetrics_sitenote_note":"","_exactmetrics_sitenote_category":0},"product_brand":[],"product_cat":[89],"product_tag":[],"class_list":{"0":"post-56447","1":"product","2":"type-product","3":"status-publish","5":"product_cat-pallot","6":"product_shipping_class-kirjakorvikset","8":"first","9":"instock","10":"taxable","11":"shipping-taxable","12":"purchasable","13":"product-type-simple"},"_links":{"self":[{"href":"https:\/\/katrioikarinen.com\/fi\/wp-json\/wp\/v2\/product\/56447","targetHints":{"allow":["GET"]}}],"collection":[{"href":"https:\/\/katrioikarinen.com\/fi\/wp-json\/wp\/v2\/product"}],"about":[{"href":"https:\/\/katrioikarinen.com\/fi\/wp-json\/wp\/v2\/types\/product"}],"replies":[{"embeddable":true,"href":"https:\/\/katrioikarinen.com\/fi\/wp-json\/wp\/v2\/comments?post=56447"}],"wp:attachment":[{"href":"https:\/\/katrioikarinen.com\/fi\/wp-json\/wp\/v2\/media?parent=56447"}],"wp:term":[{"taxonomy":"product_brand","embeddable":true,"href":"https:\/\/katrioikarinen.com\/fi\/wp-json\/wp\/v2\/product_brand?post=56447"},{"taxonomy":"product_cat","embeddable":true,"href":"https:\/\/katrioikarinen.com\/fi\/wp-json\/wp\/v2\/product_cat?post=56447"},{"taxonomy":"product_tag","embeddable":true,"href":"https:\/\/katrioikarinen.com\/fi\/wp-json\/wp\/v2\/product_tag?post=56447"}],"curies":[{"name":"wp","href":"https:\/\/api.w.org\/{rel}","templated":true}]}}