{"id":59468,"date":"2026-01-15T09:03:19","date_gmt":"2026-01-15T07:03:19","guid":{"rendered":"https:\/\/katrioikarinen.com\/?post_type=product&#038;p=59468"},"modified":"2026-02-12T16:40:22","modified_gmt":"2026-02-12T14:40:22","slug":"dioraamakurssi-su-1-3","status":"publish","type":"product","link":"https:\/\/katrioikarinen.com\/fi\/product\/dioraamakurssi-su-1-3\/","title":{"rendered":"Dioraamakurssi Su 1.3."},"content":{"rendered":"<p>Kun varausmaksu on suoritettu saat s-postiisi varausvahvistuksen ja kurssi-infon PDF tiedostona. Lataa Info hyviss\u00e4 ajoin ennen kurssin alkua!<\/p>\n","protected":false},"excerpt":{"rendered":"<p>Varaa paikkasi kurssilta maksamalla varausmaksu. Maksa loppuosa 69\u20ac paikan p\u00e4\u00e4ll\u00e4 k\u00e4teisell\u00e4 tai kortilla.<br \/>\nHUOM! Lataa ja lue kurssi info hyviss\u00e4 ajoin ennen kurssin alkua!<\/p>\n","protected":false},"featured_media":59469,"comment_status":"closed","ping_status":"closed","template":"","meta":{"_et_pb_use_builder":"","_et_pb_old_content":"","_et_gb_content_width":"","_exactmetrics_skip_tracking":false,"_exactmetrics_sitenote_active":false,"_exactmetrics_sitenote_note":"","_exactmetrics_sitenote_category":0},"product_brand":[],"product_cat":[103],"product_tag":[],"class_list":{"0":"post-59468","1":"product","2":"type-product","3":"status-publish","4":"has-post-thumbnail","6":"product_cat-dioraamakurssi","8":"first","9":"outofstock","10":"downloadable","11":"virtual","12":"purchasable","13":"product-type-simple"},"_links":{"self":[{"href":"https:\/\/katrioikarinen.com\/fi\/wp-json\/wp\/v2\/product\/59468","targetHints":{"allow":["GET"]}}],"collection":[{"href":"https:\/\/katrioikarinen.com\/fi\/wp-json\/wp\/v2\/product"}],"about":[{"href":"https:\/\/katrioikarinen.com\/fi\/wp-json\/wp\/v2\/types\/product"}],"replies":[{"embeddable":true,"href":"https:\/\/katrioikarinen.com\/fi\/wp-json\/wp\/v2\/comments?post=59468"}],"wp:featuredmedia":[{"embeddable":true,"href":"https:\/\/katrioikarinen.com\/fi\/wp-json\/wp\/v2\/media\/59469"}],"wp:attachment":[{"href":"https:\/\/katrioikarinen.com\/fi\/wp-json\/wp\/v2\/media?parent=59468"}],"wp:term":[{"taxonomy":"product_brand","embeddable":true,"href":"https:\/\/katrioikarinen.com\/fi\/wp-json\/wp\/v2\/product_brand?post=59468"},{"taxonomy":"product_cat","embeddable":true,"href":"https:\/\/katrioikarinen.com\/fi\/wp-json\/wp\/v2\/product_cat?post=59468"},{"taxonomy":"product_tag","embeddable":true,"href":"https:\/\/katrioikarinen.com\/fi\/wp-json\/wp\/v2\/product_tag?post=59468"}],"curies":[{"name":"wp","href":"https:\/\/api.w.org\/{rel}","templated":true}]}}