{"id":59534,"date":"2026-03-06T16:19:21","date_gmt":"2026-03-06T14:19:21","guid":{"rendered":"https:\/\/katrioikarinen.com\/?post_type=product&#038;p=59534"},"modified":"2026-04-28T13:32:45","modified_gmt":"2026-04-28T10:32:45","slug":"dioraamakurssi-su-7-6","status":"publish","type":"product","link":"https:\/\/katrioikarinen.com\/fi\/product\/dioraamakurssi-su-7-6\/","title":{"rendered":"Dioraamakurssi Su 7.6."},"content":{"rendered":"<p>Kun varausmaksu on suoritettu saat s-postiisi varausvahvistuksen ja kurssi-infon PDF tiedostona. Lataa Info hyviss\u00e4 ajoin ennen kurssin alkua!<\/p>\n","protected":false},"excerpt":{"rendered":"<p>Varaa paikkasi kurssilta maksamalla varausmaksu. Maksa loppuosa 69\u20ac paikan p\u00e4\u00e4ll\u00e4 k\u00e4teisell\u00e4 tai kortilla.<br \/>\nHUOM! Lataa ja lue kurssi info hyviss\u00e4 ajoin ennen kurssin alkua! Varaus on sitova, eik\u00e4 sit\u00e4 palauteta.<\/p>\n","protected":false},"featured_media":59532,"comment_status":"closed","ping_status":"closed","template":"","meta":{"_et_pb_use_builder":"","_et_pb_old_content":"","_et_gb_content_width":"","_exactmetrics_skip_tracking":false,"_exactmetrics_sitenote_active":false,"_exactmetrics_sitenote_note":"","_exactmetrics_sitenote_category":0},"product_brand":[],"product_cat":[103],"product_tag":[],"class_list":{"0":"post-59534","1":"product","2":"type-product","3":"status-publish","4":"has-post-thumbnail","6":"product_cat-dioraamakurssi","8":"first","9":"instock","10":"downloadable","11":"virtual","12":"purchasable","13":"product-type-simple"},"_links":{"self":[{"href":"https:\/\/katrioikarinen.com\/fi\/wp-json\/wp\/v2\/product\/59534","targetHints":{"allow":["GET"]}}],"collection":[{"href":"https:\/\/katrioikarinen.com\/fi\/wp-json\/wp\/v2\/product"}],"about":[{"href":"https:\/\/katrioikarinen.com\/fi\/wp-json\/wp\/v2\/types\/product"}],"replies":[{"embeddable":true,"href":"https:\/\/katrioikarinen.com\/fi\/wp-json\/wp\/v2\/comments?post=59534"}],"wp:featuredmedia":[{"embeddable":true,"href":"https:\/\/katrioikarinen.com\/fi\/wp-json\/wp\/v2\/media\/59532"}],"wp:attachment":[{"href":"https:\/\/katrioikarinen.com\/fi\/wp-json\/wp\/v2\/media?parent=59534"}],"wp:term":[{"taxonomy":"product_brand","embeddable":true,"href":"https:\/\/katrioikarinen.com\/fi\/wp-json\/wp\/v2\/product_brand?post=59534"},{"taxonomy":"product_cat","embeddable":true,"href":"https:\/\/katrioikarinen.com\/fi\/wp-json\/wp\/v2\/product_cat?post=59534"},{"taxonomy":"product_tag","embeddable":true,"href":"https:\/\/katrioikarinen.com\/fi\/wp-json\/wp\/v2\/product_tag?post=59534"}],"curies":[{"name":"wp","href":"https:\/\/api.w.org\/{rel}","templated":true}]}}